{"id":2211,"date":"2024-09-18T15:37:25","date_gmt":"2024-09-18T13:37:25","guid":{"rendered":"https:\/\/snoty.sk\/deutsch\/?page_id=2211"},"modified":"2026-02-18T10:55:50","modified_gmt":"2026-02-18T09:55:50","slug":"kozmeticke-sacky","status":"publish","type":"page","link":"https:\/\/snoty.sk\/deutsch\/produkty\/kozmeticke-sacky\/","title":{"rendered":"Kozmetick\u00e9 s\u00e1\u010dky"},"content":{"rendered":"\t\t<div data-elementor-type=\"wp-page\" data-elementor-id=\"2211\" class=\"elementor elementor-2211\">\n\t\t\t\t\t\t<section class=\"elementor-section elementor-top-section elementor-element elementor-element-2a8459b elementor-section-stretched elementor-section-boxed elementor-section-height-default elementor-section-height-default\" data-id=\"2a8459b\" data-element_type=\"section\" data-settings=\"{&quot;stretch_section&quot;:&quot;section-stretched&quot;}\">\n\t\t\t\t\t\t<div class=\"elementor-container elementor-column-gap-no\">\n\t\t\t\t\t<div class=\"elementor-column elementor-col-66 elementor-top-column elementor-element elementor-element-6693d17\" data-id=\"6693d17\" data-element_type=\"column\">\n\t\t\t<div class=\"elementor-widget-wrap elementor-element-populated\">\n\t\t\t\t\t\t<div class=\"elementor-element elementor-element-4bfa7be gyan-title-desc-left elementor-widget elementor-widget-gyan_title\" data-id=\"4bfa7be\" data-element_type=\"widget\" data-widget_type=\"gyan_title.default\">\n\t\t\t\t<div class=\"elementor-widget-container\">\n\t\t\t\t\t<div class=\"gyan-title\">\r\n\t\t\t<h2 class=\"gyan-title-heading\">Kozmetick\u00e9 s\u00e1\u010dky - vzorky kozmetiky<\/h2><div class=\"gyan-title-desc\">s\u00fa jednorazov\u00e9 kozmetick\u00e9 sachety, teda vzorky kr\u00e9mov, olejov, s\u00e9r, micel\u00e1rnych v\u00f4d, \u0161amp\u00f3nov a in\u00fdch podobn\u00fdch kozmetick\u00fdch produktov,  s obsahom 1-15 ml. Potla\u010d je digit\u00e1lna, plnofarebn\u00e1 s mo\u017enos\u0165ou natla\u010denia metalick\u00fdch prvkov.  <\/div>\t\t<\/div>\r\n\t\t\t\t<\/div>\n\t\t\t\t<\/div>\n\t\t\t\t<section class=\"elementor-section elementor-inner-section elementor-element elementor-element-47cfc96 elementor-section-boxed elementor-section-height-default elementor-section-height-default\" data-id=\"47cfc96\" data-element_type=\"section\">\n\t\t\t\t\t\t<div class=\"elementor-container elementor-column-gap-default\">\n\t\t\t\t\t<div class=\"elementor-column elementor-col-100 elementor-inner-column elementor-element elementor-element-52b76cb product-gallery\" data-id=\"52b76cb\" data-element_type=\"column\">\n\t\t\t<div class=\"elementor-widget-wrap elementor-element-populated\">\n\t\t\t\t\t\t<div class=\"elementor-element elementor-element-a006a96 gyan-infobox-position-left gyan-infobox-center-no gyan-animation-box-fade elementor-widget elementor-widget-gyan_info_box\" data-id=\"a006a96\" data-element_type=\"widget\" data-widget_type=\"gyan_info_box.default\">\n\t\t\t\t<div class=\"elementor-widget-container\">\n\t\t\t\n\t\t<div class=\"gyan-info-box gyan-animation-box gyan-ease-transition\">\n\n\t\t\t\n\t\t\t\n\t\t\t<div class=\"gyan-infobox-content-holder\">\n\n\t\t\t\t\n\t\t\t\t\t<h4 class=\"gyan-infobox-title gyan-ease-transition\">\n\t\t\t\t\t\t\t\t\t\t\t\trozmer 6x8 cm \/ 2 ml\t\t\t\t\t\t\t\t\t\t\t<\/h4>\n\n\t\t\t\t\n\t\t\t\t\n\t\t\t\t\n\t\t\t\t\n\t\t\t\t<div class=\"clear\"><\/div>\n\t\t\t<\/div>\n\t\t<\/div>\n\t\t\t<\/div>\n\t\t\t\t<\/div>\n\t\t\t\t<div class=\"elementor-element elementor-element-c0e65e6 gallery-spacing-custom elementor-widget elementor-widget-image-gallery\" data-id=\"c0e65e6\" data-element_type=\"widget\" data-widget_type=\"image-gallery.default\">\n\t\t\t\t<div class=\"elementor-widget-container\">\n\t\t\t\t\t<div class=\"elementor-image-gallery\">\n\t\t\t<div id='gallery-1' class='gallery galleryid-2211 gallery-columns-4 gallery-size-medium'><dl class='gallery-item'>\n\t\t\t<dt class='gallery-icon portrait'>\n\t\t\t\t<a data-elementor-open-lightbox=\"yes\" data-elementor-lightbox-slideshow=\"c0e65e6\" data-elementor-lightbox-title=\"20260218_095805(1)\" data-e-action-hash=\"#elementor-action%3Aaction%3Dlightbox%26settings%3DeyJpZCI6MzExNCwidXJsIjoiaHR0cHM6XC9cL3Nub3R5LnNrXC9kZXV0c2NoXC93cC1jb250ZW50XC91cGxvYWRzXC8yMDI2XC8wMlwvMjAyNjAyMThfMDk1ODA1MS1lMTc3MTQwODI1MzI4OC5qcGciLCJzbGlkZXNob3ciOiJjMGU2NWU2In0%3D\" href='https:\/\/snoty.sk\/deutsch\/wp-content\/uploads\/2026\/02\/20260218_0958051-e1771408253288.jpg'><img fetchpriority=\"high\" decoding=\"async\" width=\"280\" height=\"300\" src=\"https:\/\/snoty.sk\/deutsch\/wp-content\/uploads\/2026\/02\/20260218_0958051-e1771408253288-280x300.jpg\" class=\"attachment-medium size-medium\" alt=\"20260218 095805(1)\" srcset=\"https:\/\/snoty.sk\/deutsch\/wp-content\/uploads\/2026\/02\/20260218_0958051-e1771408253288-280x300.jpg 280w, https:\/\/snoty.sk\/deutsch\/wp-content\/uploads\/2026\/02\/20260218_0958051-e1771408253288.jpg 630w\" sizes=\"(max-width: 280px) 100vw, 280px\" \/><\/a>\n\t\t\t<\/dt><\/dl><dl class='gallery-item'>\n\t\t\t<dt class='gallery-icon landscape'>\n\t\t\t\t<a data-elementor-open-lightbox=\"yes\" data-elementor-lightbox-slideshow=\"c0e65e6\" data-elementor-lightbox-title=\"20260218_095718(1)\" data-e-action-hash=\"#elementor-action%3Aaction%3Dlightbox%26settings%3DeyJpZCI6MzExMywidXJsIjoiaHR0cHM6XC9cL3Nub3R5LnNrXC9kZXV0c2NoXC93cC1jb250ZW50XC91cGxvYWRzXC8yMDI2XC8wMlwvMjAyNjAyMThfMDk1NzE4MS1lMTc3MTQwODI0MTc5My5qcGciLCJzbGlkZXNob3ciOiJjMGU2NWU2In0%3D\" href='https:\/\/snoty.sk\/deutsch\/wp-content\/uploads\/2026\/02\/20260218_0957181-e1771408241793.jpg'><img decoding=\"async\" width=\"300\" height=\"283\" src=\"https:\/\/snoty.sk\/deutsch\/wp-content\/uploads\/2026\/02\/20260218_0957181-e1771408241793-300x283.jpg\" class=\"attachment-medium size-medium\" alt=\"20260218 095718(1)\" srcset=\"https:\/\/snoty.sk\/deutsch\/wp-content\/uploads\/2026\/02\/20260218_0957181-e1771408241793-300x283.jpg 300w, https:\/\/snoty.sk\/deutsch\/wp-content\/uploads\/2026\/02\/20260218_0957181-e1771408241793.jpg 716w\" sizes=\"(max-width: 300px) 100vw, 300px\" \/><\/a>\n\t\t\t<\/dt><\/dl><dl class='gallery-item'>\n\t\t\t<dt class='gallery-icon portrait'>\n\t\t\t\t<a data-elementor-open-lightbox=\"yes\" data-elementor-lightbox-slideshow=\"c0e65e6\" data-elementor-lightbox-title=\"20260218_095631(1)\" data-e-action-hash=\"#elementor-action%3Aaction%3Dlightbox%26settings%3DeyJpZCI6MzExMiwidXJsIjoiaHR0cHM6XC9cL3Nub3R5LnNrXC9kZXV0c2NoXC93cC1jb250ZW50XC91cGxvYWRzXC8yMDI2XC8wMlwvMjAyNjAyMThfMDk1NjMxMS1lMTc3MTQxMzUxMjExMC5qcGciLCJzbGlkZXNob3ciOiJjMGU2NWU2In0%3D\" href='https:\/\/snoty.sk\/deutsch\/wp-content\/uploads\/2026\/02\/20260218_0956311-e1771413512110.jpg'><img decoding=\"async\" width=\"275\" height=\"300\" src=\"https:\/\/snoty.sk\/deutsch\/wp-content\/uploads\/2026\/02\/20260218_0956311-e1771413512110-275x300.jpg\" class=\"attachment-medium size-medium\" alt=\"20260218 095631(1)\" srcset=\"https:\/\/snoty.sk\/deutsch\/wp-content\/uploads\/2026\/02\/20260218_0956311-e1771413512110-275x300.jpg 275w, https:\/\/snoty.sk\/deutsch\/wp-content\/uploads\/2026\/02\/20260218_0956311-e1771413512110.jpg 511w\" sizes=\"(max-width: 275px) 100vw, 275px\" \/><\/a>\n\t\t\t<\/dt><\/dl>\n\t\t\t<br style='clear: both' \/>\n\t\t<\/div>\n\t\t<\/div>\n\t\t\t\t<\/div>\n\t\t\t\t<\/div>\n\t\t\t\t\t<\/div>\n\t\t<\/div>\n\t\t\t\t\t<\/div>\n\t\t<\/section>\n\t\t\t\t<section class=\"elementor-section elementor-inner-section elementor-element elementor-element-be1168b elementor-section-boxed elementor-section-height-default elementor-section-height-default\" data-id=\"be1168b\" data-element_type=\"section\">\n\t\t\t\t\t\t<div class=\"elementor-container elementor-column-gap-default\">\n\t\t\t\t\t<div class=\"elementor-column elementor-col-100 elementor-inner-column elementor-element elementor-element-3d4fb15 product-gallery\" data-id=\"3d4fb15\" data-element_type=\"column\">\n\t\t\t<div class=\"elementor-widget-wrap elementor-element-populated\">\n\t\t\t\t\t\t<div class=\"elementor-element elementor-element-3939490 gyan-infobox-position-left gyan-infobox-center-no gyan-animation-box-fade elementor-widget elementor-widget-gyan_info_box\" data-id=\"3939490\" data-element_type=\"widget\" data-widget_type=\"gyan_info_box.default\">\n\t\t\t\t<div class=\"elementor-widget-container\">\n\t\t\t\n\t\t<div class=\"gyan-info-box gyan-animation-box gyan-ease-transition\">\n\n\t\t\t\n\t\t\t\n\t\t\t<div class=\"gyan-infobox-content-holder\">\n\n\t\t\t\t\n\t\t\t\t\t<h4 class=\"gyan-infobox-title gyan-ease-transition\">\n\t\t\t\t\t\t\t\t\t\t\t\trozmer 8x8 cm \/ 5 ml\t\t\t\t\t\t\t\t\t\t\t<\/h4>\n\n\t\t\t\t\n\t\t\t\t\n\t\t\t\t\n\t\t\t\t\n\t\t\t\t<div class=\"clear\"><\/div>\n\t\t\t<\/div>\n\t\t<\/div>\n\t\t\t<\/div>\n\t\t\t\t<\/div>\n\t\t\t\t<div class=\"elementor-element elementor-element-aa3b86a gallery-spacing-custom elementor-widget elementor-widget-image-gallery\" data-id=\"aa3b86a\" data-element_type=\"widget\" data-widget_type=\"image-gallery.default\">\n\t\t\t\t<div class=\"elementor-widget-container\">\n\t\t\t\t\t<div class=\"elementor-image-gallery\">\n\t\t\t<div id='gallery-2' class='gallery galleryid-2211 gallery-columns-4 gallery-size-medium'><dl class='gallery-item'>\n\t\t\t<dt class='gallery-icon portrait'>\n\t\t\t\t<a data-elementor-open-lightbox=\"yes\" data-elementor-lightbox-slideshow=\"aa3b86a\" data-elementor-lightbox-title=\"20260218_095750(1)\" data-e-action-hash=\"#elementor-action%3Aaction%3Dlightbox%26settings%3DeyJpZCI6MzExNywidXJsIjoiaHR0cHM6XC9cL3Nub3R5LnNrXC9kZXV0c2NoXC93cC1jb250ZW50XC91cGxvYWRzXC8yMDI2XC8wMlwvMjAyNjAyMThfMDk1NzUwMS1lMTc3MTQwODM3NzI2My5qcGciLCJzbGlkZXNob3ciOiJhYTNiODZhIn0%3D\" href='https:\/\/snoty.sk\/deutsch\/wp-content\/uploads\/2026\/02\/20260218_0957501-e1771408377263.jpg'><img loading=\"lazy\" decoding=\"async\" width=\"294\" height=\"300\" src=\"https:\/\/snoty.sk\/deutsch\/wp-content\/uploads\/2026\/02\/20260218_0957501-e1771408377263-294x300.jpg\" class=\"attachment-medium size-medium\" alt=\"20260218 095750(1)\" srcset=\"https:\/\/snoty.sk\/deutsch\/wp-content\/uploads\/2026\/02\/20260218_0957501-e1771408377263-294x300.jpg 294w, https:\/\/snoty.sk\/deutsch\/wp-content\/uploads\/2026\/02\/20260218_0957501-e1771408377263.jpg 662w\" sizes=\"(max-width: 294px) 100vw, 294px\" \/><\/a>\n\t\t\t<\/dt><\/dl><dl class='gallery-item'>\n\t\t\t<dt class='gallery-icon landscape'>\n\t\t\t\t<a data-elementor-open-lightbox=\"yes\" data-elementor-lightbox-slideshow=\"aa3b86a\" data-elementor-lightbox-title=\"20260218_095303(1)\" data-e-action-hash=\"#elementor-action%3Aaction%3Dlightbox%26settings%3DeyJpZCI6MzExNiwidXJsIjoiaHR0cHM6XC9cL3Nub3R5LnNrXC9kZXV0c2NoXC93cC1jb250ZW50XC91cGxvYWRzXC8yMDI2XC8wMlwvMjAyNjAyMThfMDk1MzAzMS1lMTc3MTQwODM2NTE5My5qcGciLCJzbGlkZXNob3ciOiJhYTNiODZhIn0%3D\" href='https:\/\/snoty.sk\/deutsch\/wp-content\/uploads\/2026\/02\/20260218_0953031-e1771408365193.jpg'><img loading=\"lazy\" decoding=\"async\" width=\"300\" height=\"288\" src=\"https:\/\/snoty.sk\/deutsch\/wp-content\/uploads\/2026\/02\/20260218_0953031-e1771408365193-300x288.jpg\" class=\"attachment-medium size-medium\" alt=\"20260218 095303(1)\" srcset=\"https:\/\/snoty.sk\/deutsch\/wp-content\/uploads\/2026\/02\/20260218_0953031-e1771408365193-300x288.jpg 300w, https:\/\/snoty.sk\/deutsch\/wp-content\/uploads\/2026\/02\/20260218_0953031-e1771408365193.jpg 704w\" sizes=\"(max-width: 300px) 100vw, 300px\" \/><\/a>\n\t\t\t<\/dt><\/dl><dl class='gallery-item'>\n\t\t\t<dt class='gallery-icon landscape'>\n\t\t\t\t<a data-elementor-open-lightbox=\"yes\" data-elementor-lightbox-slideshow=\"aa3b86a\" data-elementor-lightbox-title=\"20260218_095130(1)\" data-e-action-hash=\"#elementor-action%3Aaction%3Dlightbox%26settings%3DeyJpZCI6MzExNSwidXJsIjoiaHR0cHM6XC9cL3Nub3R5LnNrXC9kZXV0c2NoXC93cC1jb250ZW50XC91cGxvYWRzXC8yMDI2XC8wMlwvMjAyNjAyMThfMDk1MTMwMS1lMTc3MTQwODM1Mzc1NC5qcGciLCJzbGlkZXNob3ciOiJhYTNiODZhIn0%3D\" href='https:\/\/snoty.sk\/deutsch\/wp-content\/uploads\/2026\/02\/20260218_0951301-e1771408353754.jpg'><img loading=\"lazy\" decoding=\"async\" width=\"300\" height=\"262\" src=\"https:\/\/snoty.sk\/deutsch\/wp-content\/uploads\/2026\/02\/20260218_0951301-e1771408353754-300x262.jpg\" class=\"attachment-medium size-medium\" alt=\"20260218 095130(1)\" srcset=\"https:\/\/snoty.sk\/deutsch\/wp-content\/uploads\/2026\/02\/20260218_0951301-e1771408353754-300x262.jpg 300w, https:\/\/snoty.sk\/deutsch\/wp-content\/uploads\/2026\/02\/20260218_0951301-e1771408353754-768x672.jpg 768w, https:\/\/snoty.sk\/deutsch\/wp-content\/uploads\/2026\/02\/20260218_0951301-e1771408353754.jpg 772w\" sizes=\"(max-width: 300px) 100vw, 300px\" \/><\/a>\n\t\t\t<\/dt><\/dl>\n\t\t\t<br style='clear: both' \/>\n\t\t<\/div>\n\t\t<\/div>\n\t\t\t\t<\/div>\n\t\t\t\t<\/div>\n\t\t\t\t\t<\/div>\n\t\t<\/div>\n\t\t\t\t\t<\/div>\n\t\t<\/section>\n\t\t\t\t<section class=\"elementor-section elementor-inner-section elementor-element elementor-element-b17216c elementor-section-boxed elementor-section-height-default elementor-section-height-default\" data-id=\"b17216c\" data-element_type=\"section\">\n\t\t\t\t\t\t<div class=\"elementor-container elementor-column-gap-default\">\n\t\t\t\t\t<div class=\"elementor-column elementor-col-100 elementor-inner-column elementor-element elementor-element-61efaaf product-gallery\" data-id=\"61efaaf\" data-element_type=\"column\">\n\t\t\t<div class=\"elementor-widget-wrap elementor-element-populated\">\n\t\t\t\t\t\t<div class=\"elementor-element elementor-element-a415482 gyan-infobox-position-left gyan-infobox-center-no gyan-animation-box-fade elementor-widget elementor-widget-gyan_info_box\" data-id=\"a415482\" data-element_type=\"widget\" data-widget_type=\"gyan_info_box.default\">\n\t\t\t\t<div class=\"elementor-widget-container\">\n\t\t\t\n\t\t<div class=\"gyan-info-box gyan-animation-box gyan-ease-transition\">\n\n\t\t\t\n\t\t\t\n\t\t\t<div class=\"gyan-infobox-content-holder\">\n\n\t\t\t\t\n\t\t\t\t\t<h4 class=\"gyan-infobox-title gyan-ease-transition\">\n\t\t\t\t\t\t\t\t\t\t\t\tv\u00e4\u010d\u0161ie rozmery \/ 6-15 ml\t\t\t\t\t\t\t\t\t\t\t<\/h4>\n\n\t\t\t\t\n\t\t\t\t\n\t\t\t\t\n\t\t\t\t\n\t\t\t\t<div class=\"clear\"><\/div>\n\t\t\t<\/div>\n\t\t<\/div>\n\t\t\t<\/div>\n\t\t\t\t<\/div>\n\t\t\t\t<div class=\"elementor-element elementor-element-8c57a5e gallery-spacing-custom elementor-widget elementor-widget-image-gallery\" data-id=\"8c57a5e\" data-element_type=\"widget\" data-widget_type=\"image-gallery.default\">\n\t\t\t\t<div class=\"elementor-widget-container\">\n\t\t\t\t\t<div class=\"elementor-image-gallery\">\n\t\t\t<div id='gallery-3' class='gallery galleryid-2211 gallery-columns-4 gallery-size-medium'><dl class='gallery-item'>\n\t\t\t<dt class='gallery-icon landscape'>\n\t\t\t\t<a data-elementor-open-lightbox=\"yes\" data-elementor-lightbox-slideshow=\"8c57a5e\" data-elementor-lightbox-title=\"20260218_100215(1)\" data-e-action-hash=\"#elementor-action%3Aaction%3Dlightbox%26settings%3DeyJpZCI6MzExOSwidXJsIjoiaHR0cHM6XC9cL3Nub3R5LnNrXC9kZXV0c2NoXC93cC1jb250ZW50XC91cGxvYWRzXC8yMDI2XC8wMlwvMjAyNjAyMThfMTAwMjE1MS1lMTc3MTQwODQzMjQwMy5qcGciLCJzbGlkZXNob3ciOiI4YzU3YTVlIn0%3D\" href='https:\/\/snoty.sk\/deutsch\/wp-content\/uploads\/2026\/02\/20260218_1002151-e1771408432403.jpg'><img loading=\"lazy\" decoding=\"async\" width=\"300\" height=\"275\" src=\"https:\/\/snoty.sk\/deutsch\/wp-content\/uploads\/2026\/02\/20260218_1002151-e1771408432403-300x275.jpg\" class=\"attachment-medium size-medium\" alt=\"20260218 100215(1)\" srcset=\"https:\/\/snoty.sk\/deutsch\/wp-content\/uploads\/2026\/02\/20260218_1002151-e1771408432403-300x275.jpg 300w, https:\/\/snoty.sk\/deutsch\/wp-content\/uploads\/2026\/02\/20260218_1002151-e1771408432403.jpg 736w\" sizes=\"(max-width: 300px) 100vw, 300px\" \/><\/a>\n\t\t\t<\/dt><\/dl><dl class='gallery-item'>\n\t\t\t<dt class='gallery-icon landscape'>\n\t\t\t\t<a data-elementor-open-lightbox=\"yes\" data-elementor-lightbox-slideshow=\"8c57a5e\" data-elementor-lightbox-title=\"20260218_100200(1)\" data-e-action-hash=\"#elementor-action%3Aaction%3Dlightbox%26settings%3DeyJpZCI6MzExOCwidXJsIjoiaHR0cHM6XC9cL3Nub3R5LnNrXC9kZXV0c2NoXC93cC1jb250ZW50XC91cGxvYWRzXC8yMDI2XC8wMlwvMjAyNjAyMThfMTAwMjAwMS1lMTc3MTQwODQyMTM1Mi5qcGciLCJzbGlkZXNob3ciOiI4YzU3YTVlIn0%3D\" href='https:\/\/snoty.sk\/deutsch\/wp-content\/uploads\/2026\/02\/20260218_1002001-e1771408421352.jpg'><img loading=\"lazy\" decoding=\"async\" width=\"300\" height=\"259\" src=\"https:\/\/snoty.sk\/deutsch\/wp-content\/uploads\/2026\/02\/20260218_1002001-e1771408421352-300x259.jpg\" class=\"attachment-medium size-medium\" alt=\"20260218 100200(1)\" srcset=\"https:\/\/snoty.sk\/deutsch\/wp-content\/uploads\/2026\/02\/20260218_1002001-e1771408421352-300x259.jpg 300w, https:\/\/snoty.sk\/deutsch\/wp-content\/uploads\/2026\/02\/20260218_1002001-e1771408421352-768x663.jpg 768w, https:\/\/snoty.sk\/deutsch\/wp-content\/uploads\/2026\/02\/20260218_1002001-e1771408421352.jpg 782w\" sizes=\"(max-width: 300px) 100vw, 300px\" \/><\/a>\n\t\t\t<\/dt><\/dl>\n\t\t\t<br style='clear: both' \/>\n\t\t<\/div>\n\t\t<\/div>\n\t\t\t\t<\/div>\n\t\t\t\t<\/div>\n\t\t\t\t\t<\/div>\n\t\t<\/div>\n\t\t\t\t\t<\/div>\n\t\t<\/section>\n\t\t\t\t\t<\/div>\n\t\t<\/div>\n\t\t\t\t<div class=\"elementor-column elementor-col-33 elementor-top-column elementor-element elementor-element-b3e9f22\" data-id=\"b3e9f22\" data-element_type=\"column\">\n\t\t\t<div class=\"elementor-widget-wrap elementor-element-populated\">\n\t\t\t\t\t\t<section class=\"elementor-section elementor-inner-section elementor-element elementor-element-297f77b elementor-section-boxed elementor-section-height-default elementor-section-height-default\" data-id=\"297f77b\" data-element_type=\"section\">\n\t\t\t\t\t\t<div class=\"elementor-container elementor-column-gap-no\">\n\t\t\t\t\t<div class=\"elementor-column elementor-col-100 elementor-inner-column elementor-element elementor-element-1e90a30\" data-id=\"1e90a30\" data-element_type=\"column\">\n\t\t\t<div class=\"elementor-widget-wrap elementor-element-populated\">\n\t\t\t\t\t\t<div class=\"elementor-element elementor-element-28848e3 gyan-menu-list-vertical elementor-widget elementor-widget-gyan_menu_list\" data-id=\"28848e3\" data-element_type=\"widget\" data-widget_type=\"gyan_menu_list.default\">\n\t\t\t\t<div class=\"elementor-widget-container\">\n\t\t\t<div class=\"gyan-menu-list\"><div class=\"menu-produkty-sk-container\"><ul id=\"menu-produkty-sk\" class=\"gyan-menu-list-item gyan-ease-transition\"><li id=\"menu-item-405\" class=\"menu-item menu-item-type-post_type menu-item-object-page menu-item-405\"><a href=\"https:\/\/snoty.sk\/deutsch\/produkty\/hb-cukor-biely-a-trstinovy\/\">HB cukor biely a trstinov\u00fd<\/a><\/li>\n<li id=\"menu-item-2231\" class=\"menu-item menu-item-type-post_type menu-item-object-page menu-item-2231\"><a href=\"https:\/\/snoty.sk\/deutsch\/produkty\/hb-kvetovy-med\/\">HB kvetov\u00fd med<\/a><\/li>\n<li id=\"menu-item-2230\" class=\"menu-item menu-item-type-post_type menu-item-object-page menu-item-2230\"><a href=\"https:\/\/snoty.sk\/deutsch\/produkty\/trstinovy-cukor\/\">Trstinov\u00fd cukor<\/a><\/li>\n<li id=\"menu-item-2229\" class=\"menu-item menu-item-type-post_type menu-item-object-page menu-item-2229\"><a href=\"https:\/\/snoty.sk\/deutsch\/produkty\/cukriky\/\">Cukr\u00edky<\/a><\/li>\n<li id=\"menu-item-2228\" class=\"menu-item menu-item-type-post_type menu-item-object-page menu-item-2228\"><a href=\"https:\/\/snoty.sk\/deutsch\/produkty\/susienky\/\">Su\u0161ienky<\/a><\/li>\n<li id=\"menu-item-2222\" class=\"menu-item menu-item-type-post_type menu-item-object-page menu-item-2222\"><a href=\"https:\/\/snoty.sk\/deutsch\/produkty\/cokoladky-2\/\">\u010cokol\u00e1dky<\/a><\/li>\n<li id=\"menu-item-2227\" class=\"menu-item menu-item-type-post_type menu-item-object-page menu-item-2227\"><a href=\"https:\/\/snoty.sk\/deutsch\/produkty\/hroznovy-cukor\/\">Hroznov\u00fd cukor\u00a0<\/a><\/li>\n<li id=\"menu-item-2226\" class=\"menu-item menu-item-type-post_type menu-item-object-page menu-item-2226\"><a href=\"https:\/\/snoty.sk\/deutsch\/produkty\/mandla-v-cokolade\/\">Mand\u013ea v \u010dokol\u00e1de<\/a><\/li>\n<li id=\"menu-item-2225\" class=\"menu-item menu-item-type-post_type menu-item-object-page menu-item-2225\"><a href=\"https:\/\/snoty.sk\/deutsch\/produkty\/kozmeticke-sacky\/\">Kozmetick\u00e9 s\u00e1\u010dky<\/a><\/li>\n<li id=\"menu-item-2224\" class=\"menu-item menu-item-type-post_type menu-item-object-page menu-item-2224\"><a href=\"https:\/\/snoty.sk\/deutsch\/produkty\/univerzalne-balenia\/\">Univerz\u00e1lne balenia<\/a><\/li>\n<li id=\"menu-item-2223\" class=\"menu-item menu-item-type-post_type menu-item-object-page menu-item-2223\"><a href=\"https:\/\/snoty.sk\/deutsch\/produkty\/zakazkove-balenie\/\">Z\u00e1kazkov\u00e9 balenie<\/a><\/li>\n<\/ul><\/div><\/div>\t\t<\/div>\n\t\t\t\t<\/div>\n\t\t\t\t\t<\/div>\n\t\t<\/div>\n\t\t\t\t\t<\/div>\n\t\t<\/section>\n\t\t\t\t<section class=\"elementor-section elementor-inner-section elementor-element elementor-element-460380e elementor-section-boxed elementor-section-height-default elementor-section-height-default\" data-id=\"460380e\" data-element_type=\"section\">\n\t\t\t\t\t\t<div class=\"elementor-container elementor-column-gap-default\">\n\t\t\t\t\t<div class=\"elementor-column elementor-col-100 elementor-inner-column elementor-element elementor-element-e87bdd0\" data-id=\"e87bdd0\" data-element_type=\"column\" data-settings=\"{&quot;background_background&quot;:&quot;classic&quot;}\">\n\t\t\t<div class=\"elementor-widget-wrap elementor-element-populated\">\n\t\t\t\t\t\t<div class=\"elementor-element elementor-element-590c59e gyan-infobox-position-top gyan-infobox-center-no gyan-infobox-align-center gyan-hover-animation-none gyan-animation-box-fade elementor-widget elementor-widget-gyan_info_box\" data-id=\"590c59e\" data-element_type=\"widget\" data-widget_type=\"gyan_info_box.default\">\n\t\t\t\t<div class=\"elementor-widget-container\">\n\t\t\t\n\t\t<div class=\"gyan-info-box gyan-animation-box gyan-ease-transition\">\n\n\t\t\t\n\t\t\t\n\t\t\t\t<div class=\"gyan-infobox-icon-holder gyan-ease-transition\">\n\n\t\t\t\t\t\n\t\t\t\t\t\n\t\t\t\t\t\n\t\t\t\t\t\t\t\t\t\t\t<span class=\"gyan-infobox-image\">\n\t\t\t\t\t\t\t<img loading=\"lazy\" decoding=\"async\" width=\"53\" height=\"53\" src=\"https:\/\/snoty.sk\/deutsch\/wp-content\/uploads\/2020\/02\/icon-call.png\" class=\"attachment-full size-full wp-image-631\" alt=\"Icon call\" \/>\t\t\t\t\t\t<\/span>\n\t\t\t\t\t\n\t\t\t\t\t\n\t\t\t\t<\/div>\n\n\t\t\t\n\t\t\t<div class=\"gyan-infobox-content-holder\">\n\n\t\t\t\t\n\t\t\t\t\t<h4 class=\"gyan-infobox-title gyan-ease-transition\">\n\t\t\t\t\t\t\t\t\t\t\t\tM\u00e1te ot\u00e1zky? Sme tu pre v\u00e1s\t\t\t\t\t\t\t\t\t\t\t<\/h4>\n\n\t\t\t\t\n\t\t\t\t\n\t\t\t\t\n\t\t\t\t\t<h5 class=\"gyan-infobox-content gyan-ease-transition\">\n\t\t\t\t\t\t+4212 44 88 45 21\t\t\t\t\t<\/h5>\n\n\t\t\t\t\n\t\t\t\t\n\t\t\t\t<div class=\"clear\"><\/div>\n\t\t\t<\/div>\n\t\t<\/div>\n\t\t\t<\/div>\n\t\t\t\t<\/div>\n\t\t\t\t<div class=\"elementor-element elementor-element-1d50735 elementor-widget elementor-widget-heading\" data-id=\"1d50735\" data-element_type=\"widget\" data-widget_type=\"heading.default\">\n\t\t\t\t<div class=\"elementor-widget-container\">\n\t\t\t<h2 class=\"elementor-heading-title elementor-size-default\"><a href=\"mailto:obchod@snoty.sk\/deutsch\">obchod@snoty.sk\/deutsch<\/a><\/h2>\t\t<\/div>\n\t\t\t\t<\/div>\n\t\t\t\t\t<\/div>\n\t\t<\/div>\n\t\t\t\t\t<\/div>\n\t\t<\/section>\n\t\t\t\t\t<\/div>\n\t\t<\/div>\n\t\t\t\t\t<\/div>\n\t\t<\/section>\n\t\t\t\t<\/div>\n\t\t","protected":false},"excerpt":{"rendered":"<p>Kozmetick\u00e9 s\u00e1\u010dky &#8211; vzorky kozmetiky s\u00fa jednorazov\u00e9 kozmetick\u00e9 sachety, teda vzorky kr\u00e9mov, olejov, s\u00e9r, micel\u00e1rnych v\u00f4d, \u0161amp\u00f3nov a in\u00fdch podobn\u00fdch kozmetick\u00fdch produktov, s obsahom 1-15 ml. Potla\u010d je digit\u00e1lna, plnofarebn\u00e1 s mo\u017enos\u0165ou natla\u010denia metalick\u00fdch prvkov. rozmer 6&#215;8 cm \/ 2 ml rozmer 8&#215;8 cm \/ 5 ml v\u00e4\u010d\u0161ie rozmery \/ [&hellip;]<\/p>\n","protected":false},"author":1,"featured_media":0,"parent":319,"menu_order":0,"comment_status":"closed","ping_status":"closed","template":"elementor_header_footer","meta":{"slim_seo":{"title":"Kozmetick\u00e9 s\u00e1\u010dky - Snoty","description":"Kozmetick\u00e9 s\u00e1\u010dky - vzorky kozmetiky s\u00fa jednorazov\u00e9 kozmetick\u00e9 sachety, teda vzorky kr\u00e9mov, olejov, s\u00e9r, micel\u00e1rnych v\u00f4d, \u0161amp\u00f3nov a in\u00fdch podobn\u00fdch kozmetick\u00fdch"},"footnotes":""},"class_list":["post-2211","page","type-page","status-publish","hentry"],"_links":{"self":[{"href":"https:\/\/snoty.sk\/deutsch\/wp-json\/wp\/v2\/pages\/2211","targetHints":{"allow":["GET"]}}],"collection":[{"href":"https:\/\/snoty.sk\/deutsch\/wp-json\/wp\/v2\/pages"}],"about":[{"href":"https:\/\/snoty.sk\/deutsch\/wp-json\/wp\/v2\/types\/page"}],"author":[{"embeddable":true,"href":"https:\/\/snoty.sk\/deutsch\/wp-json\/wp\/v2\/users\/1"}],"replies":[{"embeddable":true,"href":"https:\/\/snoty.sk\/deutsch\/wp-json\/wp\/v2\/comments?post=2211"}],"version-history":[{"count":43,"href":"https:\/\/snoty.sk\/deutsch\/wp-json\/wp\/v2\/pages\/2211\/revisions"}],"predecessor-version":[{"id":3125,"href":"https:\/\/snoty.sk\/deutsch\/wp-json\/wp\/v2\/pages\/2211\/revisions\/3125"}],"up":[{"embeddable":true,"href":"https:\/\/snoty.sk\/deutsch\/wp-json\/wp\/v2\/pages\/319"}],"wp:attachment":[{"href":"https:\/\/snoty.sk\/deutsch\/wp-json\/wp\/v2\/media?parent=2211"}],"curies":[{"name":"wp","href":"https:\/\/api.w.org\/{rel}","templated":true}]}}