{"id":2209,"date":"2024-09-18T15:37:01","date_gmt":"2024-09-18T13:37:01","guid":{"rendered":"https:\/\/snoty.sk\/deutsch\/?page_id=2209"},"modified":"2026-02-10T21:49:50","modified_gmt":"2026-02-10T20:49:50","slug":"mandla-v-cokolade","status":"publish","type":"page","link":"https:\/\/snoty.sk\/deutsch\/produkty\/mandla-v-cokolade\/","title":{"rendered":"Mand\u013ea v \u010dokol\u00e1de"},"content":{"rendered":"\t\t<div data-elementor-type=\"wp-page\" data-elementor-id=\"2209\" class=\"elementor elementor-2209\">\n\t\t\t\t\t\t<section class=\"elementor-section elementor-top-section elementor-element elementor-element-335edf62 elementor-section-stretched elementor-section-boxed elementor-section-height-default elementor-section-height-default\" data-id=\"335edf62\" data-element_type=\"section\" data-settings=\"{&quot;stretch_section&quot;:&quot;section-stretched&quot;}\">\n\t\t\t\t\t\t<div class=\"elementor-container elementor-column-gap-no\">\n\t\t\t\t\t<div class=\"elementor-column elementor-col-66 elementor-top-column elementor-element elementor-element-62791cda\" data-id=\"62791cda\" data-element_type=\"column\">\n\t\t\t<div class=\"elementor-widget-wrap elementor-element-populated\">\n\t\t\t\t\t\t<section class=\"elementor-section elementor-inner-section elementor-element elementor-element-4e092a2 elementor-section-boxed elementor-section-height-default elementor-section-height-default\" data-id=\"4e092a2\" data-element_type=\"section\">\n\t\t\t\t\t\t<div class=\"elementor-container elementor-column-gap-default\">\n\t\t\t\t\t<div class=\"elementor-column elementor-col-100 elementor-inner-column elementor-element elementor-element-781a4c6 product-gallery\" data-id=\"781a4c6\" data-element_type=\"column\">\n\t\t\t<div class=\"elementor-widget-wrap elementor-element-populated\">\n\t\t\t\t\t\t<div class=\"elementor-element elementor-element-31c9dc3 gyan-infobox-position-left gyan-infobox-center-no gyan-animation-box-fade elementor-widget elementor-widget-gyan_info_box\" data-id=\"31c9dc3\" data-element_type=\"widget\" data-widget_type=\"gyan_info_box.default\">\n\t\t\t\t<div class=\"elementor-widget-container\">\n\t\t\t\n\t\t<div class=\"gyan-info-box gyan-animation-box gyan-ease-transition\">\n\n\t\t\t\n\t\t\t\n\t\t\t<div class=\"gyan-infobox-content-holder\">\n\n\t\t\t\t\n\t\t\t\t\t<h4 class=\"gyan-infobox-title gyan-ease-transition\">\n\t\t\t\t\t\t\t\t\t\t\t\tMandle v \u010dokol\u00e1de 2,8 g\t\t\t\t\t\t\t\t\t\t\t<\/h4>\n\n\t\t\t\t\n\t\t\t\t\n\t\t\t\t\n\t\t\t\t\t<div class=\"gyan-infobox-content gyan-ease-transition\">\n\t\t\t\t\t\tna v\u00fdrobu tohto produktu pou\u017e\u00edvame v\u00fdhradne prav\u00fa mlie\u010dnu a hork\u00fa belgick\u00fa \u010dokol\u00e1du. V ponuke m\u00e1me \u0161tyri druhy mandl\u00ed - v mlie\u010dnej, alebo horkej \u010dokol\u00e1de, a tie\u017e v mlie\u010dnej \u010dokol\u00e1de so \u0161koricou, alebo s kakaom. Mo\u017enos\u0165 potla\u010de 1-4 farby.\t\t\t\t\t<\/div>\n\n\t\t\t\t\n\t\t\t\t\n\t\t\t\t<div class=\"clear\"><\/div>\n\t\t\t<\/div>\n\t\t<\/div>\n\t\t\t<\/div>\n\t\t\t\t<\/div>\n\t\t\t\t<div class=\"elementor-element elementor-element-169c548 gallery-spacing-custom elementor-widget elementor-widget-image-gallery\" data-id=\"169c548\" data-element_type=\"widget\" data-widget_type=\"image-gallery.default\">\n\t\t\t\t<div class=\"elementor-widget-container\">\n\t\t\t\t\t<div class=\"elementor-image-gallery\">\n\t\t\t<div id='gallery-1' class='gallery galleryid-2209 gallery-columns-4 gallery-size-medium'><dl class='gallery-item'>\n\t\t\t<dt class='gallery-icon landscape'>\n\t\t\t\t<a data-elementor-open-lightbox=\"yes\" data-elementor-lightbox-slideshow=\"169c548\" data-elementor-lightbox-title=\"mandle-v-cokolade-v2\" data-e-action-hash=\"#elementor-action%3Aaction%3Dlightbox%26settings%3DeyJpZCI6MjYwOCwidXJsIjoiaHR0cHM6XC9cL3Nub3R5LnNrXC9kZXV0c2NoXC93cC1jb250ZW50XC91cGxvYWRzXC8yMDI2XC8wMVwvbWFuZGxlLXYtY29rb2xhZGUtdjItMi5qcGciLCJzbGlkZXNob3ciOiIxNjljNTQ4In0%3D\" href='https:\/\/snoty.sk\/deutsch\/wp-content\/uploads\/2026\/01\/mandle-v-cokolade-v2-2.jpg'><img fetchpriority=\"high\" decoding=\"async\" width=\"300\" height=\"232\" src=\"https:\/\/snoty.sk\/deutsch\/wp-content\/uploads\/2026\/01\/mandle-v-cokolade-v2-2-300x232.jpg\" class=\"attachment-medium size-medium\" alt=\"Mandle v cokolade v2\" srcset=\"https:\/\/snoty.sk\/deutsch\/wp-content\/uploads\/2026\/01\/mandle-v-cokolade-v2-2-300x232.jpg 300w, https:\/\/snoty.sk\/deutsch\/wp-content\/uploads\/2026\/01\/mandle-v-cokolade-v2-2.jpg 667w\" sizes=\"(max-width: 300px) 100vw, 300px\" \/><\/a>\n\t\t\t<\/dt><\/dl>\n\t\t\t<br style='clear: both' \/>\n\t\t<\/div>\n\t\t<\/div>\n\t\t\t\t<\/div>\n\t\t\t\t<\/div>\n\t\t\t\t\t<\/div>\n\t\t<\/div>\n\t\t\t\t\t<\/div>\n\t\t<\/section>\n\t\t\t\t\t<\/div>\n\t\t<\/div>\n\t\t\t\t<div class=\"elementor-column elementor-col-33 elementor-top-column elementor-element elementor-element-6a488ff6\" data-id=\"6a488ff6\" data-element_type=\"column\">\n\t\t\t<div class=\"elementor-widget-wrap elementor-element-populated\">\n\t\t\t\t\t\t<section class=\"elementor-section elementor-inner-section elementor-element elementor-element-18726cf elementor-section-boxed elementor-section-height-default elementor-section-height-default\" data-id=\"18726cf\" data-element_type=\"section\">\n\t\t\t\t\t\t<div class=\"elementor-container elementor-column-gap-no\">\n\t\t\t\t\t<div class=\"elementor-column elementor-col-100 elementor-inner-column elementor-element elementor-element-4becd882\" data-id=\"4becd882\" data-element_type=\"column\">\n\t\t\t<div class=\"elementor-widget-wrap elementor-element-populated\">\n\t\t\t\t\t\t<div class=\"elementor-element elementor-element-51b93223 gyan-menu-list-vertical elementor-widget elementor-widget-gyan_menu_list\" data-id=\"51b93223\" data-element_type=\"widget\" data-widget_type=\"gyan_menu_list.default\">\n\t\t\t\t<div class=\"elementor-widget-container\">\n\t\t\t<div class=\"gyan-menu-list\"><div class=\"menu-produkty-sk-container\"><ul id=\"menu-produkty-sk\" class=\"gyan-menu-list-item gyan-ease-transition\"><li id=\"menu-item-405\" class=\"menu-item menu-item-type-post_type menu-item-object-page menu-item-405\"><a href=\"https:\/\/snoty.sk\/deutsch\/produkty\/hb-cukor-biely-a-trstinovy\/\">HB cukor biely a trstinov\u00fd<\/a><\/li>\n<li id=\"menu-item-2231\" class=\"menu-item menu-item-type-post_type menu-item-object-page menu-item-2231\"><a href=\"https:\/\/snoty.sk\/deutsch\/produkty\/hb-kvetovy-med\/\">HB kvetov\u00fd med<\/a><\/li>\n<li id=\"menu-item-2230\" class=\"menu-item menu-item-type-post_type menu-item-object-page menu-item-2230\"><a href=\"https:\/\/snoty.sk\/deutsch\/produkty\/trstinovy-cukor\/\">Trstinov\u00fd cukor<\/a><\/li>\n<li id=\"menu-item-2229\" class=\"menu-item menu-item-type-post_type menu-item-object-page menu-item-2229\"><a href=\"https:\/\/snoty.sk\/deutsch\/produkty\/cukriky\/\">Cukr\u00edky<\/a><\/li>\n<li id=\"menu-item-2228\" class=\"menu-item menu-item-type-post_type menu-item-object-page menu-item-2228\"><a href=\"https:\/\/snoty.sk\/deutsch\/produkty\/susienky\/\">Su\u0161ienky<\/a><\/li>\n<li id=\"menu-item-2222\" class=\"menu-item menu-item-type-post_type menu-item-object-page menu-item-2222\"><a href=\"https:\/\/snoty.sk\/deutsch\/produkty\/cokoladky-2\/\">\u010cokol\u00e1dky<\/a><\/li>\n<li id=\"menu-item-2227\" class=\"menu-item menu-item-type-post_type menu-item-object-page menu-item-2227\"><a href=\"https:\/\/snoty.sk\/deutsch\/produkty\/hroznovy-cukor\/\">Hroznov\u00fd cukor\u00a0<\/a><\/li>\n<li id=\"menu-item-2226\" class=\"menu-item menu-item-type-post_type menu-item-object-page menu-item-2226\"><a href=\"https:\/\/snoty.sk\/deutsch\/produkty\/mandla-v-cokolade\/\">Mand\u013ea v \u010dokol\u00e1de<\/a><\/li>\n<li id=\"menu-item-2225\" class=\"menu-item menu-item-type-post_type menu-item-object-page menu-item-2225\"><a href=\"https:\/\/snoty.sk\/deutsch\/produkty\/kozmeticke-sacky\/\">Kozmetick\u00e9 s\u00e1\u010dky<\/a><\/li>\n<li id=\"menu-item-2224\" class=\"menu-item menu-item-type-post_type menu-item-object-page menu-item-2224\"><a href=\"https:\/\/snoty.sk\/deutsch\/produkty\/univerzalne-balenia\/\">Univerz\u00e1lne balenia<\/a><\/li>\n<li id=\"menu-item-2223\" class=\"menu-item menu-item-type-post_type menu-item-object-page menu-item-2223\"><a href=\"https:\/\/snoty.sk\/deutsch\/produkty\/zakazkove-balenie\/\">Z\u00e1kazkov\u00e9 balenie<\/a><\/li>\n<\/ul><\/div><\/div>\t\t<\/div>\n\t\t\t\t<\/div>\n\t\t\t\t\t<\/div>\n\t\t<\/div>\n\t\t\t\t\t<\/div>\n\t\t<\/section>\n\t\t\t\t<section class=\"elementor-section elementor-inner-section elementor-element elementor-element-a8a575a elementor-section-boxed elementor-section-height-default elementor-section-height-default\" data-id=\"a8a575a\" data-element_type=\"section\">\n\t\t\t\t\t\t<div class=\"elementor-container elementor-column-gap-default\">\n\t\t\t\t\t<div class=\"elementor-column elementor-col-100 elementor-inner-column elementor-element elementor-element-7039eab\" data-id=\"7039eab\" data-element_type=\"column\" data-settings=\"{&quot;background_background&quot;:&quot;classic&quot;}\">\n\t\t\t<div class=\"elementor-widget-wrap elementor-element-populated\">\n\t\t\t\t\t\t<div class=\"elementor-element elementor-element-14a7e34 gyan-infobox-position-top gyan-infobox-center-no gyan-infobox-align-center gyan-hover-animation-none gyan-animation-box-fade elementor-widget elementor-widget-gyan_info_box\" data-id=\"14a7e34\" data-element_type=\"widget\" data-widget_type=\"gyan_info_box.default\">\n\t\t\t\t<div class=\"elementor-widget-container\">\n\t\t\t\n\t\t<div class=\"gyan-info-box gyan-animation-box gyan-ease-transition\">\n\n\t\t\t\n\t\t\t\n\t\t\t\t<div class=\"gyan-infobox-icon-holder gyan-ease-transition\">\n\n\t\t\t\t\t\n\t\t\t\t\t\n\t\t\t\t\t\n\t\t\t\t\t\t\t\t\t\t\t<span class=\"gyan-infobox-image\">\n\t\t\t\t\t\t\t<img decoding=\"async\" width=\"53\" height=\"53\" src=\"https:\/\/snoty.sk\/deutsch\/wp-content\/uploads\/2020\/02\/icon-call.png\" class=\"attachment-full size-full wp-image-631\" alt=\"Icon call\" \/>\t\t\t\t\t\t<\/span>\n\t\t\t\t\t\n\t\t\t\t\t\n\t\t\t\t<\/div>\n\n\t\t\t\n\t\t\t<div class=\"gyan-infobox-content-holder\">\n\n\t\t\t\t\n\t\t\t\t\t<h4 class=\"gyan-infobox-title gyan-ease-transition\">\n\t\t\t\t\t\t\t\t\t\t\t\tM\u00e1te ot\u00e1zky? Sme tu pre v\u00e1s\t\t\t\t\t\t\t\t\t\t\t<\/h4>\n\n\t\t\t\t\n\t\t\t\t\n\t\t\t\t\n\t\t\t\t\t<h5 class=\"gyan-infobox-content gyan-ease-transition\">\n\t\t\t\t\t\t+4212 44 88 45 21\t\t\t\t\t<\/h5>\n\n\t\t\t\t\n\t\t\t\t\n\t\t\t\t<div class=\"clear\"><\/div>\n\t\t\t<\/div>\n\t\t<\/div>\n\t\t\t<\/div>\n\t\t\t\t<\/div>\n\t\t\t\t<div class=\"elementor-element elementor-element-3198deb elementor-widget elementor-widget-heading\" data-id=\"3198deb\" data-element_type=\"widget\" data-widget_type=\"heading.default\">\n\t\t\t\t<div class=\"elementor-widget-container\">\n\t\t\t<h2 class=\"elementor-heading-title elementor-size-default\"><a href=\"mailto:obchod@snoty.sk\/deutsch\">obchod@snoty.sk\/deutsch<\/a><\/h2>\t\t<\/div>\n\t\t\t\t<\/div>\n\t\t\t\t\t<\/div>\n\t\t<\/div>\n\t\t\t\t\t<\/div>\n\t\t<\/section>\n\t\t\t\t\t<\/div>\n\t\t<\/div>\n\t\t\t\t\t<\/div>\n\t\t<\/section>\n\t\t\t\t<\/div>\n\t\t","protected":false},"excerpt":{"rendered":"<p>Mandle v \u010dokol\u00e1de 2,8 g na v\u00fdrobu tohto produktu pou\u017e\u00edvame v\u00fdhradne prav\u00fa mlie\u010dnu a hork\u00fa belgick\u00fa \u010dokol\u00e1du. V ponuke m\u00e1me \u0161tyri druhy mandl\u00ed &#8211; v mlie\u010dnej, alebo horkej \u010dokol\u00e1de, a tie\u017e v mlie\u010dnej \u010dokol\u00e1de so \u0161koricou, alebo s kakaom. Mo\u017enos\u0165 potla\u010de 1-4 farby. HB cukor biely a trstinov\u00fd HB kvetov\u00fd [&hellip;]<\/p>\n","protected":false},"author":1,"featured_media":0,"parent":319,"menu_order":0,"comment_status":"closed","ping_status":"closed","template":"elementor_header_footer","meta":{"slim_seo":{"title":"Mand\u013ea v \u010dokol\u00e1de - Snoty","description":"Mandle v \u010dokol\u00e1de 2,8 g na v\u00fdrobu tohto produktu pou\u017e\u00edvame v\u00fdhradne prav\u00fa mlie\u010dnu a hork\u00fa belgick\u00fa \u010dokol\u00e1du. V ponuke m\u00e1me \u0161tyri druhy mandl\u00ed - v mlie\u010dnej, aleb"},"footnotes":""},"class_list":["post-2209","page","type-page","status-publish","hentry"],"_links":{"self":[{"href":"https:\/\/snoty.sk\/deutsch\/wp-json\/wp\/v2\/pages\/2209","targetHints":{"allow":["GET"]}}],"collection":[{"href":"https:\/\/snoty.sk\/deutsch\/wp-json\/wp\/v2\/pages"}],"about":[{"href":"https:\/\/snoty.sk\/deutsch\/wp-json\/wp\/v2\/types\/page"}],"author":[{"embeddable":true,"href":"https:\/\/snoty.sk\/deutsch\/wp-json\/wp\/v2\/users\/1"}],"replies":[{"embeddable":true,"href":"https:\/\/snoty.sk\/deutsch\/wp-json\/wp\/v2\/comments?post=2209"}],"version-history":[{"count":25,"href":"https:\/\/snoty.sk\/deutsch\/wp-json\/wp\/v2\/pages\/2209\/revisions"}],"predecessor-version":[{"id":2952,"href":"https:\/\/snoty.sk\/deutsch\/wp-json\/wp\/v2\/pages\/2209\/revisions\/2952"}],"up":[{"embeddable":true,"href":"https:\/\/snoty.sk\/deutsch\/wp-json\/wp\/v2\/pages\/319"}],"wp:attachment":[{"href":"https:\/\/snoty.sk\/deutsch\/wp-json\/wp\/v2\/media?parent=2209"}],"curies":[{"name":"wp","href":"https:\/\/api.w.org\/{rel}","templated":true}]}}