{"id":2203,"date":"2024-09-18T15:35:09","date_gmt":"2024-09-18T13:35:09","guid":{"rendered":"https:\/\/snoty.sk\/deutsch\/?page_id=2203"},"modified":"2026-02-16T16:03:09","modified_gmt":"2026-02-16T15:03:09","slug":"susienky","status":"publish","type":"page","link":"https:\/\/snoty.sk\/deutsch\/produkty\/susienky\/","title":{"rendered":"Su\u0161ienky"},"content":{"rendered":"\t\t<div data-elementor-type=\"wp-page\" data-elementor-id=\"2203\" class=\"elementor elementor-2203\">\n\t\t\t\t\t\t<section class=\"elementor-section elementor-top-section elementor-element elementor-element-335edf62 elementor-section-stretched elementor-section-boxed elementor-section-height-default elementor-section-height-default\" data-id=\"335edf62\" data-element_type=\"section\" data-settings=\"{&quot;stretch_section&quot;:&quot;section-stretched&quot;}\">\n\t\t\t\t\t\t<div class=\"elementor-container elementor-column-gap-no\">\n\t\t\t\t\t<div class=\"elementor-column elementor-col-66 elementor-top-column elementor-element elementor-element-62791cda\" data-id=\"62791cda\" data-element_type=\"column\">\n\t\t\t<div class=\"elementor-widget-wrap elementor-element-populated\">\n\t\t\t\t\t\t<div class=\"elementor-element elementor-element-55110eca gyan-title-desc-left elementor-widget elementor-widget-gyan_title\" data-id=\"55110eca\" data-element_type=\"widget\" data-widget_type=\"gyan_title.default\">\n\t\t\t\t<div class=\"elementor-widget-container\">\n\t\t\t\t\t<div class=\"gyan-title\">\r\n\t\t\t<h2 class=\"gyan-title-heading\">Su\u0161ienky ku k\u00e1ve<\/h2><div class=\"gyan-title-desc\">Su\u0161ienka pod\u00e1van\u00e1 ku k\u00e1ve je dnes vo v\u00e4\u010d\u0161ine gastro zariaden\u00ed u\u017e pravidlom. Su\u0161ienky s logom kaviarne, \u010di re\u0161taur\u00e1cie s\u00fa z\u00e1rove\u0148 znamen\u00edm \u0161t\u00fdlu a d\u00f4razu na detail. V kaviarni, cukr\u00e1rni \u010di re\u0161taur\u00e1cii je pr\u00e1ve tento mal\u00fd dezert t\u00fdm, \u010do si hostia ur\u010dite zapam\u00e4taj\u00fa.<\/div>\t\t<\/div>\r\n\t\t\t\t<\/div>\n\t\t\t\t<\/div>\n\t\t\t\t<section class=\"elementor-section elementor-inner-section elementor-element elementor-element-4e092a2 elementor-section-boxed elementor-section-height-default elementor-section-height-default\" data-id=\"4e092a2\" data-element_type=\"section\">\n\t\t\t\t\t\t<div class=\"elementor-container elementor-column-gap-default\">\n\t\t\t\t\t<div class=\"elementor-column elementor-col-100 elementor-inner-column elementor-element elementor-element-781a4c6 product-gallery\" data-id=\"781a4c6\" data-element_type=\"column\">\n\t\t\t<div class=\"elementor-widget-wrap elementor-element-populated\">\n\t\t\t\t\t\t<div class=\"elementor-element elementor-element-31c9dc3 gyan-infobox-position-left gyan-infobox-center-no gyan-animation-box-fade elementor-widget elementor-widget-gyan_info_box\" data-id=\"31c9dc3\" data-element_type=\"widget\" data-widget_type=\"gyan_info_box.default\">\n\t\t\t\t<div class=\"elementor-widget-container\">\n\t\t\t\n\t\t<div class=\"gyan-info-box gyan-animation-box gyan-ease-transition\">\n\n\t\t\t\n\t\t\t\n\t\t\t<div class=\"gyan-infobox-content-holder\">\n\n\t\t\t\t\n\t\t\t\t\t<h4 class=\"gyan-infobox-title gyan-ease-transition\">\n\t\t\t\t\t\t\t\t\t\t\t\tTalianske amarettino\t\t\t\t\t\t\t\t\t\t\t<\/h4>\n\n\t\t\t\t\n\t\t\t\t\n\t\t\t\t\n\t\t\t\t\t<div class=\"gyan-infobox-content gyan-ease-transition\">\n\t\t\t\t\t\tje tradi\u010dn\u00e1 cukrovinka z talianskeho regi\u00f3nu Cremona. Lahodn\u00e1 cukrov\u00e1 \u201epusinka\u201c s charakteristickou ar\u00f3mou lik\u00e9ru Amaretto, dod\u00e1 ka\u017ed\u00e9mu serv\u00edrovaniu n\u00e1dych elegancie a origin\u00e1lnosti. , v\u00e1ha produktu 2 g. Mo\u017enos\u0165 natla\u010denia vlastn\u00e9ho loga (1\u20134 farby).\t\t\t\t\t<\/div>\n\n\t\t\t\t\n\t\t\t\t\n\t\t\t\t<div class=\"clear\"><\/div>\n\t\t\t<\/div>\n\t\t<\/div>\n\t\t\t<\/div>\n\t\t\t\t<\/div>\n\t\t\t\t<div class=\"elementor-element elementor-element-169c548 gallery-spacing-custom elementor-widget elementor-widget-image-gallery\" data-id=\"169c548\" data-element_type=\"widget\" data-widget_type=\"image-gallery.default\">\n\t\t\t\t<div class=\"elementor-widget-container\">\n\t\t\t\t\t<div class=\"elementor-image-gallery\">\n\t\t\t<div id='gallery-1' class='gallery galleryid-2203 gallery-columns-4 gallery-size-medium'><dl class='gallery-item'>\n\t\t\t<dt class='gallery-icon landscape'>\n\t\t\t\t<a data-elementor-open-lightbox=\"yes\" data-elementor-lightbox-slideshow=\"169c548\" data-elementor-lightbox-title=\"Amarettini-2-scaled\" data-e-action-hash=\"#elementor-action%3Aaction%3Dlightbox%26settings%3DeyJpZCI6MjU5MiwidXJsIjoiaHR0cHM6XC9cL3Nub3R5LnNrXC9kZXV0c2NoXC93cC1jb250ZW50XC91cGxvYWRzXC8yMDI2XC8wMVwvQW1hcmV0dGluaS0yLXNjYWxlZC0xLmpwZyIsInNsaWRlc2hvdyI6IjE2OWM1NDgifQ%3D%3D\" href='https:\/\/snoty.sk\/deutsch\/wp-content\/uploads\/2026\/01\/Amarettini-2-scaled-1.jpg'><img fetchpriority=\"high\" decoding=\"async\" width=\"300\" height=\"298\" src=\"https:\/\/snoty.sk\/deutsch\/wp-content\/uploads\/2026\/01\/Amarettini-2-scaled-1-300x298.jpg\" class=\"attachment-medium size-medium\" alt=\"Amarettini 2 scaled\" srcset=\"https:\/\/snoty.sk\/deutsch\/wp-content\/uploads\/2026\/01\/Amarettini-2-scaled-1-300x298.jpg 300w, https:\/\/snoty.sk\/deutsch\/wp-content\/uploads\/2026\/01\/Amarettini-2-scaled-1-1024x1016.jpg 1024w, https:\/\/snoty.sk\/deutsch\/wp-content\/uploads\/2026\/01\/Amarettini-2-scaled-1-150x150.jpg 150w, https:\/\/snoty.sk\/deutsch\/wp-content\/uploads\/2026\/01\/Amarettini-2-scaled-1-768x762.jpg 768w, https:\/\/snoty.sk\/deutsch\/wp-content\/uploads\/2026\/01\/Amarettini-2-scaled-1-1536x1523.jpg 1536w, https:\/\/snoty.sk\/deutsch\/wp-content\/uploads\/2026\/01\/Amarettini-2-scaled-1-2048x2031.jpg 2048w, https:\/\/snoty.sk\/deutsch\/wp-content\/uploads\/2026\/01\/Amarettini-2-scaled-1-90x90.jpg 90w\" sizes=\"(max-width: 300px) 100vw, 300px\" \/><\/a>\n\t\t\t<\/dt><\/dl><dl class='gallery-item'>\n\t\t\t<dt class='gallery-icon portrait'>\n\t\t\t\t<a data-elementor-open-lightbox=\"yes\" data-elementor-lightbox-slideshow=\"169c548\" data-elementor-lightbox-title=\"amarettini-scaled\" data-e-action-hash=\"#elementor-action%3Aaction%3Dlightbox%26settings%3DeyJpZCI6MjU5MywidXJsIjoiaHR0cHM6XC9cL3Nub3R5LnNrXC9kZXV0c2NoXC93cC1jb250ZW50XC91cGxvYWRzXC8yMDI2XC8wMVwvYW1hcmV0dGluaS1zY2FsZWQtMS5qcGciLCJzbGlkZXNob3ciOiIxNjljNTQ4In0%3D\" href='https:\/\/snoty.sk\/deutsch\/wp-content\/uploads\/2026\/01\/amarettini-scaled-1.jpg'><img decoding=\"async\" width=\"286\" height=\"300\" src=\"https:\/\/snoty.sk\/deutsch\/wp-content\/uploads\/2026\/01\/amarettini-scaled-1-286x300.jpg\" class=\"attachment-medium size-medium\" alt=\"Amarettini scaled\" srcset=\"https:\/\/snoty.sk\/deutsch\/wp-content\/uploads\/2026\/01\/amarettini-scaled-1-286x300.jpg 286w, https:\/\/snoty.sk\/deutsch\/wp-content\/uploads\/2026\/01\/amarettini-scaled-1-975x1024.jpg 975w, https:\/\/snoty.sk\/deutsch\/wp-content\/uploads\/2026\/01\/amarettini-scaled-1-768x806.jpg 768w, https:\/\/snoty.sk\/deutsch\/wp-content\/uploads\/2026\/01\/amarettini-scaled-1-1463x1536.jpg 1463w, https:\/\/snoty.sk\/deutsch\/wp-content\/uploads\/2026\/01\/amarettini-scaled-1-1950x2048.jpg 1950w\" sizes=\"(max-width: 286px) 100vw, 286px\" \/><\/a>\n\t\t\t<\/dt><\/dl>\n\t\t\t<br style='clear: both' \/>\n\t\t<\/div>\n\t\t<\/div>\n\t\t\t\t<\/div>\n\t\t\t\t<\/div>\n\t\t\t\t\t<\/div>\n\t\t<\/div>\n\t\t\t\t\t<\/div>\n\t\t<\/section>\n\t\t\t\t<section class=\"elementor-section elementor-inner-section elementor-element elementor-element-3697345 elementor-section-boxed elementor-section-height-default elementor-section-height-default\" data-id=\"3697345\" data-element_type=\"section\">\n\t\t\t\t\t\t<div class=\"elementor-container elementor-column-gap-default\">\n\t\t\t\t\t<div class=\"elementor-column elementor-col-100 elementor-inner-column elementor-element elementor-element-5d84e7f product-gallery\" data-id=\"5d84e7f\" data-element_type=\"column\">\n\t\t\t<div class=\"elementor-widget-wrap elementor-element-populated\">\n\t\t\t\t\t\t<div class=\"elementor-element elementor-element-51146fd gyan-infobox-position-left gyan-infobox-center-no gyan-animation-box-fade elementor-widget elementor-widget-gyan_info_box\" data-id=\"51146fd\" data-element_type=\"widget\" data-widget_type=\"gyan_info_box.default\">\n\t\t\t\t<div class=\"elementor-widget-container\">\n\t\t\t\n\t\t<div class=\"gyan-info-box gyan-animation-box gyan-ease-transition\">\n\n\t\t\t\n\t\t\t\n\t\t\t<div class=\"gyan-infobox-content-holder\">\n\n\t\t\t\t\n\t\t\t\t\t<h4 class=\"gyan-infobox-title gyan-ease-transition\">\n\t\t\t\t\t\t\t\t\t\t\t\tTureck\u00e1 kakaov\u00e1 su\u0161ienka\t\t\t\t\t\t\t\t\t\t\t<\/h4>\n\n\t\t\t\t\n\t\t\t\t\n\t\t\t\t\n\t\t\t\t\t<div class=\"gyan-infobox-content gyan-ease-transition\">\n\t\t\t\t\t\tje tradi\u010dn\u00e1 tureck\u00e1 cukrovinka. Je chutn\u00fdm doplnkom ku k\u00e1ve, aj \u010daju. Rozmer produktu 65 \u00d7 35 mm, v\u00e1ha 3 g. Mo\u017enos\u0165 natla\u010denia vlastn\u00e9ho loga (1\u20134 farby).\t\t\t\t\t<\/div>\n\n\t\t\t\t\n\t\t\t\t\n\t\t\t\t<div class=\"clear\"><\/div>\n\t\t\t<\/div>\n\t\t<\/div>\n\t\t\t<\/div>\n\t\t\t\t<\/div>\n\t\t\t\t<div class=\"elementor-element elementor-element-f65bdc0 gallery-spacing-custom elementor-widget elementor-widget-image-gallery\" data-id=\"f65bdc0\" data-element_type=\"widget\" data-widget_type=\"image-gallery.default\">\n\t\t\t\t<div class=\"elementor-widget-container\">\n\t\t\t\t\t<div class=\"elementor-image-gallery\">\n\t\t\t<div id='gallery-2' class='gallery galleryid-2203 gallery-columns-4 gallery-size-medium'><dl class='gallery-item'>\n\t\t\t<dt class='gallery-icon landscape'>\n\t\t\t\t<a data-elementor-open-lightbox=\"yes\" data-elementor-lightbox-slideshow=\"f65bdc0\" data-elementor-lightbox-title=\"susienky-v3\" data-e-action-hash=\"#elementor-action%3Aaction%3Dlightbox%26settings%3DeyJpZCI6MjU5NCwidXJsIjoiaHR0cHM6XC9cL3Nub3R5LnNrXC9kZXV0c2NoXC93cC1jb250ZW50XC91cGxvYWRzXC8yMDI2XC8wMVwvc3VzaWVua3ktdjMtMS5qcGciLCJzbGlkZXNob3ciOiJmNjViZGMwIn0%3D\" href='https:\/\/snoty.sk\/deutsch\/wp-content\/uploads\/2026\/01\/susienky-v3-1.jpg'><img decoding=\"async\" width=\"300\" height=\"232\" src=\"https:\/\/snoty.sk\/deutsch\/wp-content\/uploads\/2026\/01\/susienky-v3-1-300x232.jpg\" class=\"attachment-medium size-medium\" alt=\"Susienky v3\" srcset=\"https:\/\/snoty.sk\/deutsch\/wp-content\/uploads\/2026\/01\/susienky-v3-1-300x232.jpg 300w, https:\/\/snoty.sk\/deutsch\/wp-content\/uploads\/2026\/01\/susienky-v3-1.jpg 667w\" sizes=\"(max-width: 300px) 100vw, 300px\" \/><\/a>\n\t\t\t<\/dt><\/dl>\n\t\t\t<br style='clear: both' \/>\n\t\t<\/div>\n\t\t<\/div>\n\t\t\t\t<\/div>\n\t\t\t\t<\/div>\n\t\t\t\t\t<\/div>\n\t\t<\/div>\n\t\t\t\t\t<\/div>\n\t\t<\/section>\n\t\t\t\t<section class=\"elementor-section elementor-inner-section elementor-element elementor-element-a3e5dd4 elementor-section-boxed elementor-section-height-default elementor-section-height-default\" data-id=\"a3e5dd4\" data-element_type=\"section\">\n\t\t\t\t\t\t<div class=\"elementor-container elementor-column-gap-default\">\n\t\t\t\t\t<div class=\"elementor-column elementor-col-100 elementor-inner-column elementor-element elementor-element-6faf77f product-gallery\" data-id=\"6faf77f\" data-element_type=\"column\">\n\t\t\t<div class=\"elementor-widget-wrap elementor-element-populated\">\n\t\t\t\t\t\t<div class=\"elementor-element elementor-element-bb729f8 gyan-infobox-position-left gyan-infobox-center-no gyan-animation-box-fade elementor-widget elementor-widget-gyan_info_box\" data-id=\"bb729f8\" data-element_type=\"widget\" data-widget_type=\"gyan_info_box.default\">\n\t\t\t\t<div class=\"elementor-widget-container\">\n\t\t\t\n\t\t<div class=\"gyan-info-box gyan-animation-box gyan-ease-transition\">\n\n\t\t\t\n\t\t\t\n\t\t\t<div class=\"gyan-infobox-content-holder\">\n\n\t\t\t\t\n\t\t\t\t\t<h4 class=\"gyan-infobox-title gyan-ease-transition\">\n\t\t\t\t\t\t\t\t\t\t\t\tBelgick\u00e9 karamelov\u00e9 su\u0161ienky\t\t\t\t\t\t\t\t\t\t\t<\/h4>\n\n\t\t\t\t\n\t\t\t\t\n\t\t\t\t\n\t\t\t\t\t<div class=\"gyan-infobox-content gyan-ease-transition\">\n\t\t\t\t\t\tBelgick\u00e9 speculoo, karamelov\u00e9 su\u0161ienky typu \u201elotusky\u201c patria medzi najob\u013e\u00fabenej\u0161ie a najchutnej\u0161ie pochutiny ku k\u00e1ve a \u010daju. Ich jemn\u00e1 karamelov\u00e1 chu\u0165 a chrumkav\u00e1 text\u00fara robia z ka\u017ed\u00e9ho serv\u00edrovania mal\u00fd gurm\u00e1nsky z\u00e1\u017eitok. V\u00e1ha produktu 6 g , rozmer 85 \u00d7 40 mm, mo\u017enos\u0165 natla\u010denia vlastn\u00e9ho loga (1\u20134 farby).\t\t\t\t\t<\/div>\n\n\t\t\t\t\n\t\t\t\t\n\t\t\t\t<div class=\"clear\"><\/div>\n\t\t\t<\/div>\n\t\t<\/div>\n\t\t\t<\/div>\n\t\t\t\t<\/div>\n\t\t\t\t<div class=\"elementor-element elementor-element-8e48b9c gallery-spacing-custom elementor-widget elementor-widget-image-gallery\" data-id=\"8e48b9c\" data-element_type=\"widget\" data-widget_type=\"image-gallery.default\">\n\t\t\t\t<div class=\"elementor-widget-container\">\n\t\t\t\t\t<div class=\"elementor-image-gallery\">\n\t\t\t<div id='gallery-3' class='gallery galleryid-2203 gallery-columns-4 gallery-size-medium'><dl class='gallery-item'>\n\t\t\t<dt class='gallery-icon landscape'>\n\t\t\t\t<a data-elementor-open-lightbox=\"yes\" data-elementor-lightbox-slideshow=\"8e48b9c\" data-elementor-lightbox-title=\"38700101\" data-e-action-hash=\"#elementor-action%3Aaction%3Dlightbox%26settings%3DeyJpZCI6MjU5OCwidXJsIjoiaHR0cHM6XC9cL3Nub3R5LnNrXC9kZXV0c2NoXC93cC1jb250ZW50XC91cGxvYWRzXC8yMDI2XC8wMVwvMzg3MDAxMDEuanBnIiwic2xpZGVzaG93IjoiOGU0OGI5YyJ9\" href='https:\/\/snoty.sk\/deutsch\/wp-content\/uploads\/2026\/01\/38700101.jpg'><img loading=\"lazy\" decoding=\"async\" width=\"300\" height=\"237\" src=\"https:\/\/snoty.sk\/deutsch\/wp-content\/uploads\/2026\/01\/38700101-300x237.jpg\" class=\"attachment-medium size-medium\" alt=\"38700101\" srcset=\"https:\/\/snoty.sk\/deutsch\/wp-content\/uploads\/2026\/01\/38700101-300x237.jpg 300w, https:\/\/snoty.sk\/deutsch\/wp-content\/uploads\/2026\/01\/38700101-768x606.jpg 768w, https:\/\/snoty.sk\/deutsch\/wp-content\/uploads\/2026\/01\/38700101.jpg 1024w\" sizes=\"(max-width: 300px) 100vw, 300px\" \/><\/a>\n\t\t\t<\/dt><\/dl>\n\t\t\t<br style='clear: both' \/>\n\t\t<\/div>\n\t\t<\/div>\n\t\t\t\t<\/div>\n\t\t\t\t<\/div>\n\t\t\t\t\t<\/div>\n\t\t<\/div>\n\t\t\t\t\t<\/div>\n\t\t<\/section>\n\t\t\t\t\t<\/div>\n\t\t<\/div>\n\t\t\t\t<div class=\"elementor-column elementor-col-33 elementor-top-column elementor-element elementor-element-6a488ff6\" data-id=\"6a488ff6\" data-element_type=\"column\">\n\t\t\t<div class=\"elementor-widget-wrap elementor-element-populated\">\n\t\t\t\t\t\t<section class=\"elementor-section elementor-inner-section elementor-element elementor-element-18726cf elementor-section-boxed elementor-section-height-default elementor-section-height-default\" data-id=\"18726cf\" data-element_type=\"section\">\n\t\t\t\t\t\t<div class=\"elementor-container elementor-column-gap-no\">\n\t\t\t\t\t<div class=\"elementor-column elementor-col-100 elementor-inner-column elementor-element elementor-element-4becd882\" data-id=\"4becd882\" data-element_type=\"column\">\n\t\t\t<div class=\"elementor-widget-wrap elementor-element-populated\">\n\t\t\t\t\t\t<div class=\"elementor-element elementor-element-51b93223 gyan-menu-list-vertical elementor-widget elementor-widget-gyan_menu_list\" data-id=\"51b93223\" data-element_type=\"widget\" data-widget_type=\"gyan_menu_list.default\">\n\t\t\t\t<div class=\"elementor-widget-container\">\n\t\t\t<div class=\"gyan-menu-list\"><div class=\"menu-produkty-sk-container\"><ul id=\"menu-produkty-sk\" class=\"gyan-menu-list-item gyan-ease-transition\"><li id=\"menu-item-405\" class=\"menu-item menu-item-type-post_type menu-item-object-page menu-item-405\"><a href=\"https:\/\/snoty.sk\/deutsch\/produkty\/hb-cukor-biely-a-trstinovy\/\">HB cukor biely a trstinov\u00fd<\/a><\/li>\n<li id=\"menu-item-2231\" class=\"menu-item menu-item-type-post_type menu-item-object-page menu-item-2231\"><a href=\"https:\/\/snoty.sk\/deutsch\/produkty\/hb-kvetovy-med\/\">HB kvetov\u00fd med<\/a><\/li>\n<li id=\"menu-item-2230\" class=\"menu-item menu-item-type-post_type menu-item-object-page menu-item-2230\"><a href=\"https:\/\/snoty.sk\/deutsch\/produkty\/trstinovy-cukor\/\">Trstinov\u00fd cukor<\/a><\/li>\n<li id=\"menu-item-2229\" class=\"menu-item menu-item-type-post_type menu-item-object-page menu-item-2229\"><a href=\"https:\/\/snoty.sk\/deutsch\/produkty\/cukriky\/\">Cukr\u00edky<\/a><\/li>\n<li id=\"menu-item-2228\" class=\"menu-item menu-item-type-post_type menu-item-object-page menu-item-2228\"><a href=\"https:\/\/snoty.sk\/deutsch\/produkty\/susienky\/\">Su\u0161ienky<\/a><\/li>\n<li id=\"menu-item-2222\" class=\"menu-item menu-item-type-post_type menu-item-object-page menu-item-2222\"><a href=\"https:\/\/snoty.sk\/deutsch\/produkty\/cokoladky-2\/\">\u010cokol\u00e1dky<\/a><\/li>\n<li id=\"menu-item-2227\" class=\"menu-item menu-item-type-post_type menu-item-object-page menu-item-2227\"><a href=\"https:\/\/snoty.sk\/deutsch\/produkty\/hroznovy-cukor\/\">Hroznov\u00fd cukor\u00a0<\/a><\/li>\n<li id=\"menu-item-2226\" class=\"menu-item menu-item-type-post_type menu-item-object-page menu-item-2226\"><a href=\"https:\/\/snoty.sk\/deutsch\/produkty\/mandla-v-cokolade\/\">Mand\u013ea v \u010dokol\u00e1de<\/a><\/li>\n<li id=\"menu-item-2225\" class=\"menu-item menu-item-type-post_type menu-item-object-page menu-item-2225\"><a href=\"https:\/\/snoty.sk\/deutsch\/produkty\/kozmeticke-sacky\/\">Kozmetick\u00e9 s\u00e1\u010dky<\/a><\/li>\n<li id=\"menu-item-2224\" class=\"menu-item menu-item-type-post_type menu-item-object-page menu-item-2224\"><a href=\"https:\/\/snoty.sk\/deutsch\/produkty\/univerzalne-balenia\/\">Univerz\u00e1lne balenia<\/a><\/li>\n<li id=\"menu-item-2223\" class=\"menu-item menu-item-type-post_type menu-item-object-page menu-item-2223\"><a href=\"https:\/\/snoty.sk\/deutsch\/produkty\/zakazkove-balenie\/\">Z\u00e1kazkov\u00e9 balenie<\/a><\/li>\n<\/ul><\/div><\/div>\t\t<\/div>\n\t\t\t\t<\/div>\n\t\t\t\t\t<\/div>\n\t\t<\/div>\n\t\t\t\t\t<\/div>\n\t\t<\/section>\n\t\t\t\t<section class=\"elementor-section elementor-inner-section elementor-element elementor-element-dd513f7 elementor-section-boxed elementor-section-height-default elementor-section-height-default\" data-id=\"dd513f7\" data-element_type=\"section\">\n\t\t\t\t\t\t<div class=\"elementor-container elementor-column-gap-default\">\n\t\t\t\t\t<div class=\"elementor-column elementor-col-100 elementor-inner-column elementor-element elementor-element-b70b7f9\" data-id=\"b70b7f9\" data-element_type=\"column\" data-settings=\"{&quot;background_background&quot;:&quot;classic&quot;}\">\n\t\t\t<div class=\"elementor-widget-wrap elementor-element-populated\">\n\t\t\t\t\t\t<div class=\"elementor-element elementor-element-00dc6a0 gyan-infobox-position-top gyan-infobox-center-no gyan-infobox-align-center gyan-hover-animation-none gyan-animation-box-fade elementor-widget elementor-widget-gyan_info_box\" data-id=\"00dc6a0\" data-element_type=\"widget\" data-widget_type=\"gyan_info_box.default\">\n\t\t\t\t<div class=\"elementor-widget-container\">\n\t\t\t\n\t\t<div class=\"gyan-info-box gyan-animation-box gyan-ease-transition\">\n\n\t\t\t\n\t\t\t\n\t\t\t\t<div class=\"gyan-infobox-icon-holder gyan-ease-transition\">\n\n\t\t\t\t\t\n\t\t\t\t\t\n\t\t\t\t\t\n\t\t\t\t\t\t\t\t\t\t\t<span class=\"gyan-infobox-image\">\n\t\t\t\t\t\t\t<img loading=\"lazy\" decoding=\"async\" width=\"53\" height=\"53\" src=\"https:\/\/snoty.sk\/deutsch\/wp-content\/uploads\/2020\/02\/icon-call.png\" class=\"attachment-full size-full wp-image-631\" alt=\"Icon call\" \/>\t\t\t\t\t\t<\/span>\n\t\t\t\t\t\n\t\t\t\t\t\n\t\t\t\t<\/div>\n\n\t\t\t\n\t\t\t<div class=\"gyan-infobox-content-holder\">\n\n\t\t\t\t\n\t\t\t\t\t<h4 class=\"gyan-infobox-title gyan-ease-transition\">\n\t\t\t\t\t\t\t\t\t\t\t\tM\u00e1te ot\u00e1zky? Sme tu pre v\u00e1s\t\t\t\t\t\t\t\t\t\t\t<\/h4>\n\n\t\t\t\t\n\t\t\t\t\n\t\t\t\t\n\t\t\t\t\t<h5 class=\"gyan-infobox-content gyan-ease-transition\">\n\t\t\t\t\t\t+4212 44 88 45 21\t\t\t\t\t<\/h5>\n\n\t\t\t\t\n\t\t\t\t\n\t\t\t\t<div class=\"clear\"><\/div>\n\t\t\t<\/div>\n\t\t<\/div>\n\t\t\t<\/div>\n\t\t\t\t<\/div>\n\t\t\t\t<div class=\"elementor-element elementor-element-ff0dd5a elementor-widget elementor-widget-heading\" data-id=\"ff0dd5a\" data-element_type=\"widget\" data-widget_type=\"heading.default\">\n\t\t\t\t<div class=\"elementor-widget-container\">\n\t\t\t<h2 class=\"elementor-heading-title elementor-size-default\"><a href=\"mailto:obchod@snoty.sk\/deutsch\">obchod@snoty.sk\/deutsch<\/a><\/h2>\t\t<\/div>\n\t\t\t\t<\/div>\n\t\t\t\t\t<\/div>\n\t\t<\/div>\n\t\t\t\t\t<\/div>\n\t\t<\/section>\n\t\t\t\t\t<\/div>\n\t\t<\/div>\n\t\t\t\t\t<\/div>\n\t\t<\/section>\n\t\t\t\t<\/div>\n\t\t","protected":false},"excerpt":{"rendered":"<p>Su\u0161ienky ku k\u00e1ve Su\u0161ienka pod\u00e1van\u00e1 ku k\u00e1ve je dnes vo v\u00e4\u010d\u0161ine gastro zariaden\u00ed u\u017e pravidlom. Su\u0161ienky s logom kaviarne, \u010di re\u0161taur\u00e1cie s\u00fa z\u00e1rove\u0148 znamen\u00edm \u0161t\u00fdlu a d\u00f4razu na detail. V kaviarni, cukr\u00e1rni \u010di re\u0161taur\u00e1cii je pr\u00e1ve tento mal\u00fd dezert t\u00fdm, \u010do si hostia ur\u010dite zapam\u00e4taj\u00fa. Talianske amarettino je tradi\u010dn\u00e1 cukrovinka [&hellip;]<\/p>\n","protected":false},"author":1,"featured_media":0,"parent":319,"menu_order":0,"comment_status":"closed","ping_status":"closed","template":"elementor_header_footer","meta":{"slim_seo":{"title":"Su\u0161ienky - Snoty","description":"Su\u0161ienky ku k\u00e1ve Su\u0161ienka pod\u00e1van\u00e1 ku k\u00e1ve je dnes vo v\u00e4\u010d\u0161ine gastro zariaden\u00ed u\u017e pravidlom. Su\u0161ienky s logom kaviarne, \u010di re\u0161taur\u00e1cie s\u00fa z\u00e1rove\u0148 znamen\u00edm \u0161t\u00fdlu"},"footnotes":""},"class_list":["post-2203","page","type-page","status-publish","hentry"],"_links":{"self":[{"href":"https:\/\/snoty.sk\/deutsch\/wp-json\/wp\/v2\/pages\/2203","targetHints":{"allow":["GET"]}}],"collection":[{"href":"https:\/\/snoty.sk\/deutsch\/wp-json\/wp\/v2\/pages"}],"about":[{"href":"https:\/\/snoty.sk\/deutsch\/wp-json\/wp\/v2\/types\/page"}],"author":[{"embeddable":true,"href":"https:\/\/snoty.sk\/deutsch\/wp-json\/wp\/v2\/users\/1"}],"replies":[{"embeddable":true,"href":"https:\/\/snoty.sk\/deutsch\/wp-json\/wp\/v2\/comments?post=2203"}],"version-history":[{"count":22,"href":"https:\/\/snoty.sk\/deutsch\/wp-json\/wp\/v2\/pages\/2203\/revisions"}],"predecessor-version":[{"id":3094,"href":"https:\/\/snoty.sk\/deutsch\/wp-json\/wp\/v2\/pages\/2203\/revisions\/3094"}],"up":[{"embeddable":true,"href":"https:\/\/snoty.sk\/deutsch\/wp-json\/wp\/v2\/pages\/319"}],"wp:attachment":[{"href":"https:\/\/snoty.sk\/deutsch\/wp-json\/wp\/v2\/media?parent=2203"}],"curies":[{"name":"wp","href":"https:\/\/api.w.org\/{rel}","templated":true}]}}