{"id":2201,"date":"2024-09-18T15:34:52","date_gmt":"2024-09-18T13:34:52","guid":{"rendered":"https:\/\/snoty.sk\/deutsch\/?page_id=2201"},"modified":"2026-02-10T21:18:08","modified_gmt":"2026-02-10T20:18:08","slug":"cukriky","status":"publish","type":"page","link":"https:\/\/snoty.sk\/deutsch\/produkty\/cukriky\/","title":{"rendered":"Cukr\u00edky"},"content":{"rendered":"\t\t<div data-elementor-type=\"wp-page\" data-elementor-id=\"2201\" class=\"elementor elementor-2201\">\n\t\t\t\t\t\t<section class=\"elementor-section elementor-top-section elementor-element elementor-element-335edf62 elementor-section-stretched elementor-section-boxed elementor-section-height-default elementor-section-height-default\" data-id=\"335edf62\" data-element_type=\"section\" data-settings=\"{&quot;stretch_section&quot;:&quot;section-stretched&quot;}\">\n\t\t\t\t\t\t<div class=\"elementor-container elementor-column-gap-no\">\n\t\t\t\t\t<div class=\"elementor-column elementor-col-66 elementor-top-column elementor-element elementor-element-62791cda\" data-id=\"62791cda\" data-element_type=\"column\">\n\t\t\t<div class=\"elementor-widget-wrap elementor-element-populated\">\n\t\t\t\t\t\t<section class=\"elementor-section elementor-inner-section elementor-element elementor-element-130b1d1b elementor-section-boxed elementor-section-height-default elementor-section-height-default\" data-id=\"130b1d1b\" data-element_type=\"section\">\n\t\t\t\t\t\t<div class=\"elementor-container elementor-column-gap-no\">\n\t\t\t\t\t<div class=\"elementor-column elementor-col-100 elementor-inner-column elementor-element elementor-element-1f0e09f4\" data-id=\"1f0e09f4\" data-element_type=\"column\">\n\t\t\t<div class=\"elementor-widget-wrap elementor-element-populated\">\n\t\t\t\t\t\t<div class=\"elementor-element elementor-element-55110eca gyan-title-desc-left elementor-widget elementor-widget-gyan_title\" data-id=\"55110eca\" data-element_type=\"widget\" data-widget_type=\"gyan_title.default\">\n\t\t\t\t<div class=\"elementor-widget-container\">\n\t\t\t\t\t<div class=\"gyan-title\">\r\n\t\t\t<h2 class=\"gyan-title-heading\">Popis produktu<\/h2><div class=\"gyan-title-desc\">Vystavujete? Otv\u00e1rate prev\u00e1dzku, predaj\u0148u? Usporiadavate r\u00f4zne podujatia (detsk\u00fd de\u0148, firemn\u00e9 akcie)? Ch\u00fdba V\u00e1m reklamn\u00fd produkt? \u017diadny probl\u00e9m! Chutn\u00e9 cukr\u00edky z na\u0161ej ponuky s\u00fa V\u00e1m k dispoz\u00edcii v rozmanitej palete chut\u00ed a farieb. S\u00fa vhodn\u00e9 ako reklamn\u00fd nosi\u010d na v\u0161etky typy podujat\u00ed - v\u00fdstavy, oslavy, reklamn\u00e9 kampane. Vyu\u017e\u00edvaj\u00fa sa vo firm\u00e1ch, \u010dak\u00e1r\u0148ach, v re\u0161taur\u00e1ci\u00e1ch, v bank\u00e1ch a in\u00fdch in\u0161tit\u00faci\u00e1ch.<\/div>\t\t<\/div>\r\n\t\t\t\t<\/div>\n\t\t\t\t<\/div>\n\t\t\t\t\t<\/div>\n\t\t<\/div>\n\t\t\t\t\t<\/div>\n\t\t<\/section>\n\t\t\t\t<section class=\"elementor-section elementor-inner-section elementor-element elementor-element-4e092a2 elementor-section-boxed elementor-section-height-default elementor-section-height-default\" data-id=\"4e092a2\" data-element_type=\"section\">\n\t\t\t\t\t\t<div class=\"elementor-container elementor-column-gap-default\">\n\t\t\t\t\t<div class=\"elementor-column elementor-col-100 elementor-inner-column elementor-element elementor-element-781a4c6 product-gallery\" data-id=\"781a4c6\" data-element_type=\"column\">\n\t\t\t<div class=\"elementor-widget-wrap elementor-element-populated\">\n\t\t\t\t\t\t<div class=\"elementor-element elementor-element-31c9dc3 gyan-infobox-position-left gyan-infobox-center-no gyan-animation-box-fade elementor-widget elementor-widget-gyan_info_box\" data-id=\"31c9dc3\" data-element_type=\"widget\" data-widget_type=\"gyan_info_box.default\">\n\t\t\t\t<div class=\"elementor-widget-container\">\n\t\t\t\n\t\t<div class=\"gyan-info-box gyan-animation-box gyan-ease-transition\">\n\n\t\t\t\n\t\t\t\n\t\t\t<div class=\"gyan-infobox-content-holder\">\n\n\t\t\t\t\n\t\t\t\t\t<h4 class=\"gyan-infobox-title gyan-ease-transition\">\n\t\t\t\t\t\t\t\t\t\t\t\tCukr\u00edky Double twist 3g\t\t\t\t\t\t\t\t\t\t\t<\/h4>\n\n\t\t\t\t\n\t\t\t\t\n\t\t\t\t\n\t\t\t\t\t<div class=\"gyan-infobox-content gyan-ease-transition\">\n\t\t\t\t\t\t Ma\u0161li\u010dkov\u00e9 balenie pr\u00edchute: mentol a ovocn\u00fd mix\t\t\t\t\t<\/div>\n\n\t\t\t\t\n\t\t\t\t\n\t\t\t\t<div class=\"clear\"><\/div>\n\t\t\t<\/div>\n\t\t<\/div>\n\t\t\t<\/div>\n\t\t\t\t<\/div>\n\t\t\t\t<div class=\"elementor-element elementor-element-169c548 gallery-spacing-custom elementor-widget elementor-widget-image-gallery\" data-id=\"169c548\" data-element_type=\"widget\" data-widget_type=\"image-gallery.default\">\n\t\t\t\t<div class=\"elementor-widget-container\">\n\t\t\t\t\t<div class=\"elementor-image-gallery\">\n\t\t\t<div id='gallery-1' class='gallery galleryid-2201 gallery-columns-4 gallery-size-medium'><dl class='gallery-item'>\n\t\t\t<dt class='gallery-icon landscape'>\n\t\t\t\t<a data-elementor-open-lightbox=\"yes\" data-elementor-lightbox-slideshow=\"169c548\" data-elementor-lightbox-title=\"c_1_vela\" data-e-action-hash=\"#elementor-action%3Aaction%3Dlightbox%26settings%3DeyJpZCI6MjI0NCwidXJsIjoiaHR0cHM6XC9cL3Nub3R5LnNrXC9kZXV0c2NoXC93cC1jb250ZW50XC91cGxvYWRzXC8yMDI0XC8wOVwvY18xX3ZlbGEuanBnIiwic2xpZGVzaG93IjoiMTY5YzU0OCJ9\" href='https:\/\/snoty.sk\/deutsch\/wp-content\/uploads\/2024\/09\/c_1_vela.jpg'><img fetchpriority=\"high\" decoding=\"async\" width=\"300\" height=\"249\" src=\"https:\/\/snoty.sk\/deutsch\/wp-content\/uploads\/2024\/09\/c_1_vela-300x249.jpg\" class=\"attachment-medium size-medium\" alt=\"C 1 vela\" srcset=\"https:\/\/snoty.sk\/deutsch\/wp-content\/uploads\/2024\/09\/c_1_vela-300x249.jpg 300w, https:\/\/snoty.sk\/deutsch\/wp-content\/uploads\/2024\/09\/c_1_vela.jpg 686w\" sizes=\"(max-width: 300px) 100vw, 300px\" \/><\/a>\n\t\t\t<\/dt><\/dl><dl class='gallery-item'>\n\t\t\t<dt class='gallery-icon landscape'>\n\t\t\t\t<a data-elementor-open-lightbox=\"yes\" data-elementor-lightbox-slideshow=\"169c548\" data-elementor-lightbox-title=\"cukriky2\" data-e-action-hash=\"#elementor-action%3Aaction%3Dlightbox%26settings%3DeyJpZCI6MjI0OCwidXJsIjoiaHR0cHM6XC9cL3Nub3R5LnNrXC9kZXV0c2NoXC93cC1jb250ZW50XC91cGxvYWRzXC8yMDI0XC8wOVwvY3VrcmlreTIuanBnIiwic2xpZGVzaG93IjoiMTY5YzU0OCJ9\" href='https:\/\/snoty.sk\/deutsch\/wp-content\/uploads\/2024\/09\/cukriky2.jpg'><img decoding=\"async\" width=\"300\" height=\"210\" src=\"https:\/\/snoty.sk\/deutsch\/wp-content\/uploads\/2024\/09\/cukriky2-300x210.jpg\" class=\"attachment-medium size-medium\" alt=\"Cukriky2\" srcset=\"https:\/\/snoty.sk\/deutsch\/wp-content\/uploads\/2024\/09\/cukriky2-300x210.jpg 300w, https:\/\/snoty.sk\/deutsch\/wp-content\/uploads\/2024\/09\/cukriky2-768x538.jpg 768w, https:\/\/snoty.sk\/deutsch\/wp-content\/uploads\/2024\/09\/cukriky2-100x70.jpg 100w, https:\/\/snoty.sk\/deutsch\/wp-content\/uploads\/2024\/09\/cukriky2.jpg 900w\" sizes=\"(max-width: 300px) 100vw, 300px\" \/><\/a>\n\t\t\t<\/dt><\/dl>\n\t\t\t<br style='clear: both' \/>\n\t\t<\/div>\n\t\t<\/div>\n\t\t\t\t<\/div>\n\t\t\t\t<\/div>\n\t\t\t\t\t<\/div>\n\t\t<\/div>\n\t\t\t\t\t<\/div>\n\t\t<\/section>\n\t\t\t\t<section class=\"elementor-section elementor-inner-section elementor-element elementor-element-3697345 elementor-section-boxed elementor-section-height-default elementor-section-height-default\" data-id=\"3697345\" data-element_type=\"section\">\n\t\t\t\t\t\t<div class=\"elementor-container elementor-column-gap-default\">\n\t\t\t\t\t<div class=\"elementor-column elementor-col-100 elementor-inner-column elementor-element elementor-element-5d84e7f product-gallery\" data-id=\"5d84e7f\" data-element_type=\"column\">\n\t\t\t<div class=\"elementor-widget-wrap elementor-element-populated\">\n\t\t\t\t\t\t<div class=\"elementor-element elementor-element-51146fd gyan-infobox-position-left gyan-infobox-center-no gyan-animation-box-fade elementor-widget elementor-widget-gyan_info_box\" data-id=\"51146fd\" data-element_type=\"widget\" data-widget_type=\"gyan_info_box.default\">\n\t\t\t\t<div class=\"elementor-widget-container\">\n\t\t\t\n\t\t<div class=\"gyan-info-box gyan-animation-box gyan-ease-transition\">\n\n\t\t\t\n\t\t\t\n\t\t\t<div class=\"gyan-infobox-content-holder\">\n\n\t\t\t\t\n\t\t\t\t\t<h4 class=\"gyan-infobox-title gyan-ease-transition\">\n\t\t\t\t\t\t\t\t\t\t\t\tRoksov\u00fd cukr\u00edk 5g\t\t\t\t\t\t\t\t\t\t\t<\/h4>\n\n\t\t\t\t\n\t\t\t\t\n\t\t\t\t\n\t\t\t\t\t<div class=\"gyan-infobox-content gyan-ease-transition\">\n\t\t\t\t\t\tFlowpackov\u00e9 (ploch\u00e9) balenie\t\t\t\t\t<\/div>\n\n\t\t\t\t\n\t\t\t\t\n\t\t\t\t<div class=\"clear\"><\/div>\n\t\t\t<\/div>\n\t\t<\/div>\n\t\t\t<\/div>\n\t\t\t\t<\/div>\n\t\t\t\t<div class=\"elementor-element elementor-element-f65bdc0 gallery-spacing-custom elementor-widget elementor-widget-image-gallery\" data-id=\"f65bdc0\" data-element_type=\"widget\" data-widget_type=\"image-gallery.default\">\n\t\t\t\t<div class=\"elementor-widget-container\">\n\t\t\t\t\t<div class=\"elementor-image-gallery\">\n\t\t\t<div id='gallery-2' class='gallery galleryid-2201 gallery-columns-4 gallery-size-medium'><dl class='gallery-item'>\n\t\t\t<dt class='gallery-icon landscape'>\n\t\t\t\t<a data-elementor-open-lightbox=\"yes\" data-elementor-lightbox-slideshow=\"f65bdc0\" data-elementor-lightbox-title=\"roxy\" data-e-action-hash=\"#elementor-action%3Aaction%3Dlightbox%26settings%3DeyJpZCI6MjI0NiwidXJsIjoiaHR0cHM6XC9cL3Nub3R5LnNrXC9kZXV0c2NoXC93cC1jb250ZW50XC91cGxvYWRzXC8yMDI0XC8wOVwvcm94eS5qcGciLCJzbGlkZXNob3ciOiJmNjViZGMwIn0%3D\" href='https:\/\/snoty.sk\/deutsch\/wp-content\/uploads\/2024\/09\/roxy.jpg'><img decoding=\"async\" width=\"300\" height=\"300\" src=\"https:\/\/snoty.sk\/deutsch\/wp-content\/uploads\/2024\/09\/roxy-300x300.jpg\" class=\"attachment-medium size-medium\" alt=\"Roxy\" srcset=\"https:\/\/snoty.sk\/deutsch\/wp-content\/uploads\/2024\/09\/roxy-300x300.jpg 300w, https:\/\/snoty.sk\/deutsch\/wp-content\/uploads\/2024\/09\/roxy-150x150.jpg 150w, https:\/\/snoty.sk\/deutsch\/wp-content\/uploads\/2024\/09\/roxy-90x90.jpg 90w, https:\/\/snoty.sk\/deutsch\/wp-content\/uploads\/2024\/09\/roxy-670x670.jpg 670w, https:\/\/snoty.sk\/deutsch\/wp-content\/uploads\/2024\/09\/roxy.jpg 698w\" sizes=\"(max-width: 300px) 100vw, 300px\" \/><\/a>\n\t\t\t<\/dt><\/dl>\n\t\t\t<br style='clear: both' \/>\n\t\t<\/div>\n\t\t<\/div>\n\t\t\t\t<\/div>\n\t\t\t\t<\/div>\n\t\t\t\t\t<\/div>\n\t\t<\/div>\n\t\t\t\t\t<\/div>\n\t\t<\/section>\n\t\t\t\t<section class=\"elementor-section elementor-inner-section elementor-element elementor-element-a3e5dd4 elementor-section-boxed elementor-section-height-default elementor-section-height-default\" data-id=\"a3e5dd4\" data-element_type=\"section\">\n\t\t\t\t\t\t<div class=\"elementor-container elementor-column-gap-default\">\n\t\t\t\t\t<div class=\"elementor-column elementor-col-100 elementor-inner-column elementor-element elementor-element-6faf77f product-gallery\" data-id=\"6faf77f\" data-element_type=\"column\">\n\t\t\t<div class=\"elementor-widget-wrap elementor-element-populated\">\n\t\t\t\t\t\t<div class=\"elementor-element elementor-element-bb729f8 gyan-infobox-position-left gyan-infobox-center-no gyan-animation-box-fade elementor-widget elementor-widget-gyan_info_box\" data-id=\"bb729f8\" data-element_type=\"widget\" data-widget_type=\"gyan_info_box.default\">\n\t\t\t\t<div class=\"elementor-widget-container\">\n\t\t\t\n\t\t<div class=\"gyan-info-box gyan-animation-box gyan-ease-transition\">\n\n\t\t\t\n\t\t\t\n\t\t\t<div class=\"gyan-infobox-content-holder\">\n\n\t\t\t\t\n\t\t\t\t\t<h4 class=\"gyan-infobox-title gyan-ease-transition\">\n\t\t\t\t\t\t\t\t\t\t\t\tCukr\u00edky 3g  - flowpackov\u00e9 (ploch\u00e9) balenie\t\t\t\t\t\t\t\t\t\t\t<\/h4>\n\n\t\t\t\t\n\t\t\t\t\n\t\t\t\t\n\t\t\t\t\t<div class=\"gyan-infobox-content gyan-ease-transition\">\n\t\t\t\t\t\tPr\u00edchute: mentol a ovocn\u00fd mix\t\t\t\t\t<\/div>\n\n\t\t\t\t\n\t\t\t\t\n\t\t\t\t<div class=\"clear\"><\/div>\n\t\t\t<\/div>\n\t\t<\/div>\n\t\t\t<\/div>\n\t\t\t\t<\/div>\n\t\t\t\t<div class=\"elementor-element elementor-element-8e48b9c gallery-spacing-custom elementor-widget elementor-widget-image-gallery\" data-id=\"8e48b9c\" data-element_type=\"widget\" data-widget_type=\"image-gallery.default\">\n\t\t\t\t<div class=\"elementor-widget-container\">\n\t\t\t\t\t<div class=\"elementor-image-gallery\">\n\t\t\t<div id='gallery-3' class='gallery galleryid-2201 gallery-columns-4 gallery-size-medium'><dl class='gallery-item'>\n\t\t\t<dt class='gallery-icon landscape'>\n\t\t\t\t<a data-elementor-open-lightbox=\"yes\" data-elementor-lightbox-slideshow=\"8e48b9c\" data-elementor-lightbox-title=\"cukriky\" data-e-action-hash=\"#elementor-action%3Aaction%3Dlightbox%26settings%3DeyJpZCI6MjI0NSwidXJsIjoiaHR0cHM6XC9cL3Nub3R5LnNrXC9kZXV0c2NoXC93cC1jb250ZW50XC91cGxvYWRzXC8yMDI0XC8wOVwvY3VrcmlreS5qcGciLCJzbGlkZXNob3ciOiI4ZTQ4YjljIn0%3D\" href='https:\/\/snoty.sk\/deutsch\/wp-content\/uploads\/2024\/09\/cukriky.jpg'><img loading=\"lazy\" decoding=\"async\" width=\"300\" height=\"230\" src=\"https:\/\/snoty.sk\/deutsch\/wp-content\/uploads\/2024\/09\/cukriky-300x230.jpg\" class=\"attachment-medium size-medium\" alt=\"Cukriky\" srcset=\"https:\/\/snoty.sk\/deutsch\/wp-content\/uploads\/2024\/09\/cukriky-300x230.jpg 300w, https:\/\/snoty.sk\/deutsch\/wp-content\/uploads\/2024\/09\/cukriky-670x515.jpg 670w, https:\/\/snoty.sk\/deutsch\/wp-content\/uploads\/2024\/09\/cukriky.jpg 673w\" sizes=\"(max-width: 300px) 100vw, 300px\" \/><\/a>\n\t\t\t<\/dt><\/dl><dl class='gallery-item'>\n\t\t\t<dt class='gallery-icon landscape'>\n\t\t\t\t<a data-elementor-open-lightbox=\"yes\" data-elementor-lightbox-slideshow=\"8e48b9c\" data-elementor-lightbox-title=\"cukriky1\" data-e-action-hash=\"#elementor-action%3Aaction%3Dlightbox%26settings%3DeyJpZCI6MjI0NywidXJsIjoiaHR0cHM6XC9cL3Nub3R5LnNrXC9kZXV0c2NoXC93cC1jb250ZW50XC91cGxvYWRzXC8yMDI0XC8wOVwvY3VrcmlreTEuanBnIiwic2xpZGVzaG93IjoiOGU0OGI5YyJ9\" href='https:\/\/snoty.sk\/deutsch\/wp-content\/uploads\/2024\/09\/cukriky1.jpg'><img loading=\"lazy\" decoding=\"async\" width=\"300\" height=\"210\" src=\"https:\/\/snoty.sk\/deutsch\/wp-content\/uploads\/2024\/09\/cukriky1-300x210.jpg\" class=\"attachment-medium size-medium\" alt=\"Cukriky1\" srcset=\"https:\/\/snoty.sk\/deutsch\/wp-content\/uploads\/2024\/09\/cukriky1-300x210.jpg 300w, https:\/\/snoty.sk\/deutsch\/wp-content\/uploads\/2024\/09\/cukriky1-768x538.jpg 768w, https:\/\/snoty.sk\/deutsch\/wp-content\/uploads\/2024\/09\/cukriky1-100x70.jpg 100w, https:\/\/snoty.sk\/deutsch\/wp-content\/uploads\/2024\/09\/cukriky1.jpg 900w\" sizes=\"(max-width: 300px) 100vw, 300px\" \/><\/a>\n\t\t\t<\/dt><\/dl>\n\t\t\t<br style='clear: both' \/>\n\t\t<\/div>\n\t\t<\/div>\n\t\t\t\t<\/div>\n\t\t\t\t<\/div>\n\t\t\t\t\t<\/div>\n\t\t<\/div>\n\t\t\t\t\t<\/div>\n\t\t<\/section>\n\t\t\t\t\t<\/div>\n\t\t<\/div>\n\t\t\t\t<div class=\"elementor-column elementor-col-33 elementor-top-column elementor-element elementor-element-6a488ff6\" data-id=\"6a488ff6\" data-element_type=\"column\">\n\t\t\t<div class=\"elementor-widget-wrap elementor-element-populated\">\n\t\t\t\t\t\t<section class=\"elementor-section elementor-inner-section elementor-element elementor-element-18726cf elementor-section-boxed elementor-section-height-default elementor-section-height-default\" data-id=\"18726cf\" data-element_type=\"section\">\n\t\t\t\t\t\t<div class=\"elementor-container elementor-column-gap-no\">\n\t\t\t\t\t<div class=\"elementor-column elementor-col-100 elementor-inner-column elementor-element elementor-element-4becd882\" data-id=\"4becd882\" data-element_type=\"column\">\n\t\t\t<div class=\"elementor-widget-wrap elementor-element-populated\">\n\t\t\t\t\t\t<div class=\"elementor-element elementor-element-51b93223 gyan-menu-list-vertical elementor-widget elementor-widget-gyan_menu_list\" data-id=\"51b93223\" data-element_type=\"widget\" data-widget_type=\"gyan_menu_list.default\">\n\t\t\t\t<div class=\"elementor-widget-container\">\n\t\t\t<div class=\"gyan-menu-list\"><div class=\"menu-produkty-sk-container\"><ul id=\"menu-produkty-sk\" class=\"gyan-menu-list-item gyan-ease-transition\"><li id=\"menu-item-405\" class=\"menu-item menu-item-type-post_type menu-item-object-page menu-item-405\"><a href=\"https:\/\/snoty.sk\/deutsch\/produkty\/hb-cukor-biely-a-trstinovy\/\">HB cukor biely a trstinov\u00fd<\/a><\/li>\n<li id=\"menu-item-2231\" class=\"menu-item menu-item-type-post_type menu-item-object-page menu-item-2231\"><a href=\"https:\/\/snoty.sk\/deutsch\/produkty\/hb-kvetovy-med\/\">HB kvetov\u00fd med<\/a><\/li>\n<li id=\"menu-item-2230\" class=\"menu-item menu-item-type-post_type menu-item-object-page menu-item-2230\"><a href=\"https:\/\/snoty.sk\/deutsch\/produkty\/trstinovy-cukor\/\">Trstinov\u00fd cukor<\/a><\/li>\n<li id=\"menu-item-2229\" class=\"menu-item menu-item-type-post_type menu-item-object-page menu-item-2229\"><a href=\"https:\/\/snoty.sk\/deutsch\/produkty\/cukriky\/\">Cukr\u00edky<\/a><\/li>\n<li id=\"menu-item-2228\" class=\"menu-item menu-item-type-post_type menu-item-object-page menu-item-2228\"><a href=\"https:\/\/snoty.sk\/deutsch\/produkty\/susienky\/\">Su\u0161ienky<\/a><\/li>\n<li id=\"menu-item-2222\" class=\"menu-item menu-item-type-post_type menu-item-object-page menu-item-2222\"><a href=\"https:\/\/snoty.sk\/deutsch\/produkty\/cokoladky-2\/\">\u010cokol\u00e1dky<\/a><\/li>\n<li id=\"menu-item-2227\" class=\"menu-item menu-item-type-post_type menu-item-object-page menu-item-2227\"><a href=\"https:\/\/snoty.sk\/deutsch\/produkty\/hroznovy-cukor\/\">Hroznov\u00fd cukor\u00a0<\/a><\/li>\n<li id=\"menu-item-2226\" class=\"menu-item menu-item-type-post_type menu-item-object-page menu-item-2226\"><a href=\"https:\/\/snoty.sk\/deutsch\/produkty\/mandla-v-cokolade\/\">Mand\u013ea v \u010dokol\u00e1de<\/a><\/li>\n<li id=\"menu-item-2225\" class=\"menu-item menu-item-type-post_type menu-item-object-page menu-item-2225\"><a href=\"https:\/\/snoty.sk\/deutsch\/produkty\/kozmeticke-sacky\/\">Kozmetick\u00e9 s\u00e1\u010dky<\/a><\/li>\n<li id=\"menu-item-2224\" class=\"menu-item menu-item-type-post_type menu-item-object-page menu-item-2224\"><a href=\"https:\/\/snoty.sk\/deutsch\/produkty\/univerzalne-balenia\/\">Univerz\u00e1lne balenia<\/a><\/li>\n<li id=\"menu-item-2223\" class=\"menu-item menu-item-type-post_type menu-item-object-page menu-item-2223\"><a href=\"https:\/\/snoty.sk\/deutsch\/produkty\/zakazkove-balenie\/\">Z\u00e1kazkov\u00e9 balenie<\/a><\/li>\n<\/ul><\/div><\/div>\t\t<\/div>\n\t\t\t\t<\/div>\n\t\t\t\t\t<\/div>\n\t\t<\/div>\n\t\t\t\t\t<\/div>\n\t\t<\/section>\n\t\t\t\t<section class=\"elementor-section elementor-inner-section elementor-element elementor-element-ab55468 elementor-section-boxed elementor-section-height-default elementor-section-height-default\" data-id=\"ab55468\" data-element_type=\"section\">\n\t\t\t\t\t\t<div class=\"elementor-container elementor-column-gap-default\">\n\t\t\t\t\t<div class=\"elementor-column elementor-col-100 elementor-inner-column elementor-element elementor-element-372a3ad\" data-id=\"372a3ad\" data-element_type=\"column\" data-settings=\"{&quot;background_background&quot;:&quot;classic&quot;}\">\n\t\t\t<div class=\"elementor-widget-wrap elementor-element-populated\">\n\t\t\t\t\t\t<div class=\"elementor-element elementor-element-4d0f666 gyan-infobox-position-top gyan-infobox-center-no gyan-infobox-align-center gyan-hover-animation-none gyan-animation-box-fade elementor-widget elementor-widget-gyan_info_box\" data-id=\"4d0f666\" data-element_type=\"widget\" data-widget_type=\"gyan_info_box.default\">\n\t\t\t\t<div class=\"elementor-widget-container\">\n\t\t\t\n\t\t<div class=\"gyan-info-box gyan-animation-box gyan-ease-transition\">\n\n\t\t\t\n\t\t\t\n\t\t\t\t<div class=\"gyan-infobox-icon-holder gyan-ease-transition\">\n\n\t\t\t\t\t\n\t\t\t\t\t\n\t\t\t\t\t\n\t\t\t\t\t\t\t\t\t\t\t<span class=\"gyan-infobox-image\">\n\t\t\t\t\t\t\t<img loading=\"lazy\" decoding=\"async\" width=\"53\" height=\"53\" src=\"https:\/\/snoty.sk\/deutsch\/wp-content\/uploads\/2020\/02\/icon-call.png\" class=\"attachment-full size-full wp-image-631\" alt=\"Icon call\" \/>\t\t\t\t\t\t<\/span>\n\t\t\t\t\t\n\t\t\t\t\t\n\t\t\t\t<\/div>\n\n\t\t\t\n\t\t\t<div class=\"gyan-infobox-content-holder\">\n\n\t\t\t\t\n\t\t\t\t\t<h4 class=\"gyan-infobox-title gyan-ease-transition\">\n\t\t\t\t\t\t\t\t\t\t\t\tM\u00e1te ot\u00e1zky? Sme tu pre v\u00e1s\t\t\t\t\t\t\t\t\t\t\t<\/h4>\n\n\t\t\t\t\n\t\t\t\t\n\t\t\t\t\n\t\t\t\t\t<h5 class=\"gyan-infobox-content gyan-ease-transition\">\n\t\t\t\t\t\t+4212 44 88 45 21\t\t\t\t\t<\/h5>\n\n\t\t\t\t\n\t\t\t\t\n\t\t\t\t<div class=\"clear\"><\/div>\n\t\t\t<\/div>\n\t\t<\/div>\n\t\t\t<\/div>\n\t\t\t\t<\/div>\n\t\t\t\t<div class=\"elementor-element elementor-element-89ec826 elementor-widget elementor-widget-heading\" data-id=\"89ec826\" data-element_type=\"widget\" data-widget_type=\"heading.default\">\n\t\t\t\t<div class=\"elementor-widget-container\">\n\t\t\t<h2 class=\"elementor-heading-title elementor-size-default\"><a href=\"mailto:obchod@snoty.sk\/deutsch\">obchod@snoty.sk\/deutsch<\/a><\/h2>\t\t<\/div>\n\t\t\t\t<\/div>\n\t\t\t\t\t<\/div>\n\t\t<\/div>\n\t\t\t\t\t<\/div>\n\t\t<\/section>\n\t\t\t\t\t<\/div>\n\t\t<\/div>\n\t\t\t\t\t<\/div>\n\t\t<\/section>\n\t\t\t\t<\/div>\n\t\t","protected":false},"excerpt":{"rendered":"<p>Popis produktu Vystavujete? Otv\u00e1rate prev\u00e1dzku, predaj\u0148u? Usporiadavate r\u00f4zne podujatia (detsk\u00fd de\u0148, firemn\u00e9 akcie)? Ch\u00fdba V\u00e1m reklamn\u00fd produkt? \u017diadny probl\u00e9m! Chutn\u00e9 cukr\u00edky z na\u0161ej ponuky s\u00fa V\u00e1m k dispoz\u00edcii v rozmanitej palete chut\u00ed a farieb. S\u00fa vhodn\u00e9 ako reklamn\u00fd nosi\u010d na v\u0161etky typy podujat\u00ed &#8211; v\u00fdstavy, oslavy, reklamn\u00e9 kampane. Vyu\u017e\u00edvaj\u00fa sa [&hellip;]<\/p>\n","protected":false},"author":1,"featured_media":0,"parent":319,"menu_order":0,"comment_status":"closed","ping_status":"closed","template":"elementor_header_footer","meta":{"slim_seo":{"title":"Cukr\u00edky - Snoty","description":"Popis produktu Vystavujete? Otv\u00e1rate prev\u00e1dzku, predaj\u0148u? Usporiadavate r\u00f4zne podujatia (detsk\u00fd de\u0148, firemn\u00e9 akcie)? Ch\u00fdba V\u00e1m reklamn\u00fd produkt? \u017diadny probl\u00e9m!"},"footnotes":""},"class_list":["post-2201","page","type-page","status-publish","hentry"],"_links":{"self":[{"href":"https:\/\/snoty.sk\/deutsch\/wp-json\/wp\/v2\/pages\/2201","targetHints":{"allow":["GET"]}}],"collection":[{"href":"https:\/\/snoty.sk\/deutsch\/wp-json\/wp\/v2\/pages"}],"about":[{"href":"https:\/\/snoty.sk\/deutsch\/wp-json\/wp\/v2\/types\/page"}],"author":[{"embeddable":true,"href":"https:\/\/snoty.sk\/deutsch\/wp-json\/wp\/v2\/users\/1"}],"replies":[{"embeddable":true,"href":"https:\/\/snoty.sk\/deutsch\/wp-json\/wp\/v2\/comments?post=2201"}],"version-history":[{"count":13,"href":"https:\/\/snoty.sk\/deutsch\/wp-json\/wp\/v2\/pages\/2201\/revisions"}],"predecessor-version":[{"id":2946,"href":"https:\/\/snoty.sk\/deutsch\/wp-json\/wp\/v2\/pages\/2201\/revisions\/2946"}],"up":[{"embeddable":true,"href":"https:\/\/snoty.sk\/deutsch\/wp-json\/wp\/v2\/pages\/319"}],"wp:attachment":[{"href":"https:\/\/snoty.sk\/deutsch\/wp-json\/wp\/v2\/media?parent=2201"}],"curies":[{"name":"wp","href":"https:\/\/api.w.org\/{rel}","templated":true}]}}