{"id":2197,"date":"2024-09-18T15:33:43","date_gmt":"2024-09-18T13:33:43","guid":{"rendered":"https:\/\/snoty.sk\/deutsch\/?page_id=2197"},"modified":"2026-02-16T15:57:36","modified_gmt":"2026-02-16T14:57:36","slug":"hb-kvetovy-med","status":"publish","type":"page","link":"https:\/\/snoty.sk\/deutsch\/produkty\/hb-kvetovy-med\/","title":{"rendered":"HB kvetov\u00fd med"},"content":{"rendered":"\t\t<div data-elementor-type=\"wp-page\" data-elementor-id=\"2197\" class=\"elementor elementor-2197\">\n\t\t\t\t\t\t<section class=\"elementor-section elementor-top-section elementor-element elementor-element-a17e69d elementor-section-stretched elementor-section-boxed elementor-section-height-default elementor-section-height-default\" data-id=\"a17e69d\" data-element_type=\"section\" data-settings=\"{&quot;stretch_section&quot;:&quot;section-stretched&quot;}\">\n\t\t\t\t\t\t<div class=\"elementor-container elementor-column-gap-no\">\n\t\t\t\t\t<div class=\"elementor-column elementor-col-66 elementor-top-column elementor-element elementor-element-9c96c2f\" data-id=\"9c96c2f\" data-element_type=\"column\">\n\t\t\t<div class=\"elementor-widget-wrap elementor-element-populated\">\n\t\t\t\t\t\t<div class=\"elementor-element elementor-element-3030681 gyan-title-desc-left elementor-widget elementor-widget-gyan_title\" data-id=\"3030681\" data-element_type=\"widget\" data-widget_type=\"gyan_title.default\">\n\t\t\t\t<div class=\"elementor-widget-container\">\n\t\t\t\t\t<div class=\"gyan-title\">\r\n\t\t\t<h2 class=\"gyan-title-heading\">Kvetov\u00fd med - pr\u00edrodn\u00e9 sladidlo<\/h2><div class=\"gyan-title-desc\">\u010doraz ob\u013e\u00fabenej\u0161ie sladidlo nielen do \u010daju, ale aj do k\u00e1vy pon\u00fakame v praktick\u00fdch baleniach po 8 g, 10 g, 12 g a 20 g. Na\u0161e balenie je nielen funk\u010dn\u00e9, ale aj \u0161t\u00fdlov\u00e9, s mo\u017enos\u0165ou potla\u010de vo farebnosti 1 - 4 farby, aby dokonale ladilo s va\u0161ou zna\u010dkou.<\/div>\t\t<\/div>\r\n\t\t\t\t<\/div>\n\t\t\t\t<\/div>\n\t\t\t\t<section class=\"elementor-section elementor-inner-section elementor-element elementor-element-d9002ce elementor-section-boxed elementor-section-height-default elementor-section-height-default\" data-id=\"d9002ce\" data-element_type=\"section\">\n\t\t\t\t\t\t<div class=\"elementor-container elementor-column-gap-default\">\n\t\t\t\t\t<div class=\"elementor-column elementor-col-100 elementor-inner-column elementor-element elementor-element-07166fd product-gallery\" data-id=\"07166fd\" data-element_type=\"column\">\n\t\t\t<div class=\"elementor-widget-wrap elementor-element-populated\">\n\t\t\t\t\t\t<div class=\"elementor-element elementor-element-6ee2a16 gyan-infobox-position-left gyan-infobox-center-no gyan-animation-box-fade elementor-widget elementor-widget-gyan_info_box\" data-id=\"6ee2a16\" data-element_type=\"widget\" data-widget_type=\"gyan_info_box.default\">\n\t\t\t\t<div class=\"elementor-widget-container\">\n\t\t\t\n\t\t<div class=\"gyan-info-box gyan-animation-box gyan-ease-transition\">\n\n\t\t\t\n\t\t\t\n\t\t\t<div class=\"gyan-infobox-content-holder\">\n\n\t\t\t\t\n\t\t\t\t\t<h4 class=\"gyan-infobox-title gyan-ease-transition\">\n\t\t\t\t\t\t\t\t\t\t\t\tKvetov\u00fd med 8 g\t\t\t\t\t\t\t\t\t\t\t<\/h4>\n\n\t\t\t\t\n\t\t\t\t\n\t\t\t\t\n\t\t\t\t\t<div class=\"gyan-infobox-content gyan-ease-transition\">\n\t\t\t\t\t\tv obd\u013a\u017enikovom balen\u00ed so \u0161tyrmi zvarmi. S\u00e1\u010dky je mo\u017en\u00e9 potla\u010di\u0165 vlastn\u00fdm logom obojstranne, 1-4 farby. \t\t\t\t\t<\/div>\n\n\t\t\t\t\n\t\t\t\t\n\t\t\t\t<div class=\"clear\"><\/div>\n\t\t\t<\/div>\n\t\t<\/div>\n\t\t\t<\/div>\n\t\t\t\t<\/div>\n\t\t\t\t<div class=\"elementor-element elementor-element-b2b7abb gallery-spacing-custom elementor-widget elementor-widget-image-gallery\" data-id=\"b2b7abb\" data-element_type=\"widget\" data-widget_type=\"image-gallery.default\">\n\t\t\t\t<div class=\"elementor-widget-container\">\n\t\t\t\t\t<div class=\"elementor-image-gallery\">\n\t\t\t<div id='gallery-1' class='gallery galleryid-2197 gallery-columns-4 gallery-size-medium'><dl class='gallery-item'>\n\t\t\t<dt class='gallery-icon landscape'>\n\t\t\t\t<a data-elementor-open-lightbox=\"yes\" data-elementor-lightbox-slideshow=\"b2b7abb\" data-elementor-lightbox-title=\"honey 8g\" data-e-action-hash=\"#elementor-action%3Aaction%3Dlightbox%26settings%3DeyJpZCI6MjcyMCwidXJsIjoiaHR0cHM6XC9cL3Nub3R5LnNrXC9kZXV0c2NoXC93cC1jb250ZW50XC91cGxvYWRzXC8yMDI2XC8wMVwvaG9uZXktOGcuanBnIiwic2xpZGVzaG93IjoiYjJiN2FiYiJ9\" href='https:\/\/snoty.sk\/deutsch\/wp-content\/uploads\/2026\/01\/honey-8g.jpg'><img decoding=\"async\" width=\"300\" height=\"132\" src=\"https:\/\/snoty.sk\/deutsch\/wp-content\/uploads\/2026\/01\/honey-8g-300x132.jpg\" class=\"attachment-medium size-medium\" alt=\"Honey 8g\" srcset=\"https:\/\/snoty.sk\/deutsch\/wp-content\/uploads\/2026\/01\/honey-8g-300x132.jpg 300w, https:\/\/snoty.sk\/deutsch\/wp-content\/uploads\/2026\/01\/honey-8g-1024x449.jpg 1024w, https:\/\/snoty.sk\/deutsch\/wp-content\/uploads\/2026\/01\/honey-8g-768x337.jpg 768w, https:\/\/snoty.sk\/deutsch\/wp-content\/uploads\/2026\/01\/honey-8g.jpg 1417w\" sizes=\"(max-width: 300px) 100vw, 300px\" \/><\/a>\n\t\t\t<\/dt><\/dl>\n\t\t\t<br style='clear: both' \/>\n\t\t<\/div>\n\t\t<\/div>\n\t\t\t\t<\/div>\n\t\t\t\t<\/div>\n\t\t\t\t<div class=\"elementor-element elementor-element-47d8e41 gyan-infobox-position-left gyan-infobox-center-no gyan-animation-box-fade elementor-widget elementor-widget-gyan_info_box\" data-id=\"47d8e41\" data-element_type=\"widget\" data-widget_type=\"gyan_info_box.default\">\n\t\t\t\t<div class=\"elementor-widget-container\">\n\t\t\t\n\t\t<div class=\"gyan-info-box gyan-animation-box gyan-ease-transition\">\n\n\t\t\t\n\t\t\t\n\t\t\t<div class=\"gyan-infobox-content-holder\">\n\n\t\t\t\t\n\t\t\t\t\t<h4 class=\"gyan-infobox-title gyan-ease-transition\">\n\t\t\t\t\t\t\t\t\t\t\t\tKvetov\u00fd med v baln\u00ed flowpack 10, 12 a  20 g\t\t\t\t\t\t\t\t\t\t\t<\/h4>\n\n\t\t\t\t\n\t\t\t\t\n\t\t\t\t\n\t\t\t\t\t<div class=\"gyan-infobox-content gyan-ease-transition\">\n\t\t\t\t\t\tpon\u00fakame na v\u00fdber z viacer\u00fdch gram\u00e1\u017e\u00ed\u00ed, 10, 12 a 20 gramov v s\u00e1\u010dku, aby sme vyhoveli ka\u017ed\u00e9mu z\u00e1kazn\u00edkovi. Rovnako mo\u017enos\u0165 potla\u010de v\u00e1\u0161ho loga 1-4 farby. \t\t\t\t\t<\/div>\n\n\t\t\t\t\n\t\t\t\t\n\t\t\t\t<div class=\"clear\"><\/div>\n\t\t\t<\/div>\n\t\t<\/div>\n\t\t\t<\/div>\n\t\t\t\t<\/div>\n\t\t\t\t<div class=\"elementor-element elementor-element-418009e gallery-spacing-custom elementor-widget elementor-widget-image-gallery\" data-id=\"418009e\" data-element_type=\"widget\" data-widget_type=\"image-gallery.default\">\n\t\t\t\t<div class=\"elementor-widget-container\">\n\t\t\t\t\t<div class=\"elementor-image-gallery\">\n\t\t\t<div id='gallery-2' class='gallery galleryid-2197 gallery-columns-4 gallery-size-medium'><dl class='gallery-item'>\n\t\t\t<dt class='gallery-icon landscape'>\n\t\t\t\t<a data-elementor-open-lightbox=\"yes\" data-elementor-lightbox-slideshow=\"418009e\" data-elementor-lightbox-title=\"69302c8c3a07a7ac10c0debe\" data-e-action-hash=\"#elementor-action%3Aaction%3Dlightbox%26settings%3DeyJpZCI6MjcxOSwidXJsIjoiaHR0cHM6XC9cL3Nub3R5LnNrXC9kZXV0c2NoXC93cC1jb250ZW50XC91cGxvYWRzXC8yMDI2XC8wMVwvNjkzMDJjOGMzYTA3YTdhYzEwYzBkZWJlLnBuZyIsInNsaWRlc2hvdyI6IjQxODAwOWUifQ%3D%3D\" href='https:\/\/snoty.sk\/deutsch\/wp-content\/uploads\/2026\/01\/69302c8c3a07a7ac10c0debe.png'><img fetchpriority=\"high\" decoding=\"async\" width=\"300\" height=\"252\" src=\"https:\/\/snoty.sk\/deutsch\/wp-content\/uploads\/2026\/01\/69302c8c3a07a7ac10c0debe-300x252.png\" class=\"attachment-medium size-medium\" alt=\"69302c8c3a07a7ac10c0debe\" srcset=\"https:\/\/snoty.sk\/deutsch\/wp-content\/uploads\/2026\/01\/69302c8c3a07a7ac10c0debe-300x252.png 300w, https:\/\/snoty.sk\/deutsch\/wp-content\/uploads\/2026\/01\/69302c8c3a07a7ac10c0debe-1024x859.png 1024w, https:\/\/snoty.sk\/deutsch\/wp-content\/uploads\/2026\/01\/69302c8c3a07a7ac10c0debe-768x644.png 768w, https:\/\/snoty.sk\/deutsch\/wp-content\/uploads\/2026\/01\/69302c8c3a07a7ac10c0debe-1536x1289.png 1536w, https:\/\/snoty.sk\/deutsch\/wp-content\/uploads\/2026\/01\/69302c8c3a07a7ac10c0debe.png 1713w\" sizes=\"(max-width: 300px) 100vw, 300px\" \/><\/a>\n\t\t\t<\/dt><\/dl>\n\t\t\t<br style='clear: both' \/>\n\t\t<\/div>\n\t\t<\/div>\n\t\t\t\t<\/div>\n\t\t\t\t<\/div>\n\t\t\t\t\t<\/div>\n\t\t<\/div>\n\t\t\t\t\t<\/div>\n\t\t<\/section>\n\t\t\t\t\t<\/div>\n\t\t<\/div>\n\t\t\t\t<div class=\"elementor-column elementor-col-33 elementor-top-column elementor-element elementor-element-7aecf94\" data-id=\"7aecf94\" data-element_type=\"column\">\n\t\t\t<div class=\"elementor-widget-wrap elementor-element-populated\">\n\t\t\t\t\t\t<section class=\"elementor-section elementor-inner-section elementor-element elementor-element-192c57a elementor-section-boxed elementor-section-height-default elementor-section-height-default\" data-id=\"192c57a\" data-element_type=\"section\">\n\t\t\t\t\t\t<div class=\"elementor-container elementor-column-gap-no\">\n\t\t\t\t\t<div class=\"elementor-column elementor-col-100 elementor-inner-column elementor-element elementor-element-d513eb6\" data-id=\"d513eb6\" data-element_type=\"column\">\n\t\t\t<div class=\"elementor-widget-wrap elementor-element-populated\">\n\t\t\t\t\t\t<div class=\"elementor-element elementor-element-33234bf gyan-menu-list-vertical elementor-widget elementor-widget-gyan_menu_list\" data-id=\"33234bf\" data-element_type=\"widget\" data-widget_type=\"gyan_menu_list.default\">\n\t\t\t\t<div class=\"elementor-widget-container\">\n\t\t\t<div class=\"gyan-menu-list\"><div class=\"menu-produkty-sk-container\"><ul id=\"menu-produkty-sk\" class=\"gyan-menu-list-item gyan-ease-transition\"><li id=\"menu-item-405\" class=\"menu-item menu-item-type-post_type menu-item-object-page menu-item-405\"><a href=\"https:\/\/snoty.sk\/deutsch\/produkty\/hb-cukor-biely-a-trstinovy\/\">HB cukor biely a trstinov\u00fd<\/a><\/li>\n<li id=\"menu-item-2231\" class=\"menu-item menu-item-type-post_type menu-item-object-page menu-item-2231\"><a href=\"https:\/\/snoty.sk\/deutsch\/produkty\/hb-kvetovy-med\/\">HB kvetov\u00fd med<\/a><\/li>\n<li id=\"menu-item-2230\" class=\"menu-item menu-item-type-post_type menu-item-object-page menu-item-2230\"><a href=\"https:\/\/snoty.sk\/deutsch\/produkty\/trstinovy-cukor\/\">Trstinov\u00fd cukor<\/a><\/li>\n<li id=\"menu-item-2229\" class=\"menu-item menu-item-type-post_type menu-item-object-page menu-item-2229\"><a href=\"https:\/\/snoty.sk\/deutsch\/produkty\/cukriky\/\">Cukr\u00edky<\/a><\/li>\n<li id=\"menu-item-2228\" class=\"menu-item menu-item-type-post_type menu-item-object-page menu-item-2228\"><a href=\"https:\/\/snoty.sk\/deutsch\/produkty\/susienky\/\">Su\u0161ienky<\/a><\/li>\n<li id=\"menu-item-2222\" class=\"menu-item menu-item-type-post_type menu-item-object-page menu-item-2222\"><a href=\"https:\/\/snoty.sk\/deutsch\/produkty\/cokoladky-2\/\">\u010cokol\u00e1dky<\/a><\/li>\n<li id=\"menu-item-2227\" class=\"menu-item menu-item-type-post_type menu-item-object-page menu-item-2227\"><a href=\"https:\/\/snoty.sk\/deutsch\/produkty\/hroznovy-cukor\/\">Hroznov\u00fd cukor\u00a0<\/a><\/li>\n<li id=\"menu-item-2226\" class=\"menu-item menu-item-type-post_type menu-item-object-page menu-item-2226\"><a href=\"https:\/\/snoty.sk\/deutsch\/produkty\/mandla-v-cokolade\/\">Mand\u013ea v \u010dokol\u00e1de<\/a><\/li>\n<li id=\"menu-item-2225\" class=\"menu-item menu-item-type-post_type menu-item-object-page menu-item-2225\"><a href=\"https:\/\/snoty.sk\/deutsch\/produkty\/kozmeticke-sacky\/\">Kozmetick\u00e9 s\u00e1\u010dky<\/a><\/li>\n<li id=\"menu-item-2224\" class=\"menu-item menu-item-type-post_type menu-item-object-page menu-item-2224\"><a href=\"https:\/\/snoty.sk\/deutsch\/produkty\/univerzalne-balenia\/\">Univerz\u00e1lne balenia<\/a><\/li>\n<li id=\"menu-item-2223\" class=\"menu-item menu-item-type-post_type menu-item-object-page menu-item-2223\"><a href=\"https:\/\/snoty.sk\/deutsch\/produkty\/zakazkove-balenie\/\">Z\u00e1kazkov\u00e9 balenie<\/a><\/li>\n<\/ul><\/div><\/div>\t\t<\/div>\n\t\t\t\t<\/div>\n\t\t\t\t\t<\/div>\n\t\t<\/div>\n\t\t\t\t\t<\/div>\n\t\t<\/section>\n\t\t\t\t<section class=\"elementor-section elementor-inner-section elementor-element elementor-element-c264fe4 elementor-section-boxed elementor-section-height-default elementor-section-height-default\" data-id=\"c264fe4\" data-element_type=\"section\">\n\t\t\t\t\t\t<div class=\"elementor-container elementor-column-gap-default\">\n\t\t\t\t\t<div class=\"elementor-column elementor-col-100 elementor-inner-column elementor-element elementor-element-50c7a74\" data-id=\"50c7a74\" data-element_type=\"column\" data-settings=\"{&quot;background_background&quot;:&quot;classic&quot;}\">\n\t\t\t<div class=\"elementor-widget-wrap elementor-element-populated\">\n\t\t\t\t\t\t<div class=\"elementor-element elementor-element-d70ff08 gyan-infobox-position-top gyan-infobox-center-no gyan-infobox-align-center gyan-hover-animation-none gyan-animation-box-fade elementor-widget elementor-widget-gyan_info_box\" data-id=\"d70ff08\" data-element_type=\"widget\" data-widget_type=\"gyan_info_box.default\">\n\t\t\t\t<div class=\"elementor-widget-container\">\n\t\t\t\n\t\t<div class=\"gyan-info-box gyan-animation-box gyan-ease-transition\">\n\n\t\t\t\n\t\t\t\n\t\t\t\t<div class=\"gyan-infobox-icon-holder gyan-ease-transition\">\n\n\t\t\t\t\t\n\t\t\t\t\t\n\t\t\t\t\t\n\t\t\t\t\t\t\t\t\t\t\t<span class=\"gyan-infobox-image\">\n\t\t\t\t\t\t\t<img decoding=\"async\" width=\"53\" height=\"53\" src=\"https:\/\/snoty.sk\/deutsch\/wp-content\/uploads\/2020\/02\/icon-call.png\" class=\"attachment-full size-full wp-image-631\" alt=\"Icon call\" \/>\t\t\t\t\t\t<\/span>\n\t\t\t\t\t\n\t\t\t\t\t\n\t\t\t\t<\/div>\n\n\t\t\t\n\t\t\t<div class=\"gyan-infobox-content-holder\">\n\n\t\t\t\t\n\t\t\t\t\t<h4 class=\"gyan-infobox-title gyan-ease-transition\">\n\t\t\t\t\t\t\t\t\t\t\t\tM\u00e1te ot\u00e1zky? Sme tu pre v\u00e1s\t\t\t\t\t\t\t\t\t\t\t<\/h4>\n\n\t\t\t\t\n\t\t\t\t\n\t\t\t\t\n\t\t\t\t\t<h5 class=\"gyan-infobox-content gyan-ease-transition\">\n\t\t\t\t\t\t+4212 44 88 45 21\t\t\t\t\t<\/h5>\n\n\t\t\t\t\n\t\t\t\t\n\t\t\t\t<div class=\"clear\"><\/div>\n\t\t\t<\/div>\n\t\t<\/div>\n\t\t\t<\/div>\n\t\t\t\t<\/div>\n\t\t\t\t<div class=\"elementor-element elementor-element-e07a26c elementor-widget elementor-widget-heading\" data-id=\"e07a26c\" data-element_type=\"widget\" data-widget_type=\"heading.default\">\n\t\t\t\t<div class=\"elementor-widget-container\">\n\t\t\t<h2 class=\"elementor-heading-title elementor-size-default\"><a href=\"mailto:obchod@snoty.sk\/deutsch\">obchod@snoty.sk\/deutsch<\/a><\/h2>\t\t<\/div>\n\t\t\t\t<\/div>\n\t\t\t\t\t<\/div>\n\t\t<\/div>\n\t\t\t\t\t<\/div>\n\t\t<\/section>\n\t\t\t\t\t<\/div>\n\t\t<\/div>\n\t\t\t\t\t<\/div>\n\t\t<\/section>\n\t\t\t\t<section class=\"elementor-section elementor-top-section elementor-element elementor-element-335edf62 elementor-section-stretched elementor-section-boxed elementor-section-height-default elementor-section-height-default\" data-id=\"335edf62\" data-element_type=\"section\" data-settings=\"{&quot;stretch_section&quot;:&quot;section-stretched&quot;}\">\n\t\t\t\t\t\t<div class=\"elementor-container elementor-column-gap-no\">\n\t\t\t\t\t<div class=\"elementor-column elementor-col-100 elementor-top-column elementor-element elementor-element-6a488ff6\" data-id=\"6a488ff6\" data-element_type=\"column\">\n\t\t\t<div class=\"elementor-widget-wrap elementor-element-populated\">\n\t\t\t\t\t\t<section class=\"elementor-section elementor-inner-section elementor-element elementor-element-18726cf elementor-section-boxed elementor-section-height-default elementor-section-height-default\" data-id=\"18726cf\" data-element_type=\"section\">\n\t\t\t\t\t\t<div class=\"elementor-container elementor-column-gap-no\">\n\t\t\t\t\t<div class=\"elementor-column elementor-col-100 elementor-inner-column elementor-element elementor-element-4becd882\" data-id=\"4becd882\" data-element_type=\"column\">\n\t\t\t<div class=\"elementor-widget-wrap elementor-element-populated\">\n\t\t\t\t\t\t<div class=\"elementor-element elementor-element-51b93223 gyan-menu-list-vertical elementor-widget elementor-widget-gyan_menu_list\" data-id=\"51b93223\" data-element_type=\"widget\" data-widget_type=\"gyan_menu_list.default\">\n\t\t\t\t<div class=\"elementor-widget-container\">\n\t\t\t<div class=\"gyan-menu-list\"><div class=\"menu-produkty-sk-container\"><ul id=\"menu-produkty-sk-1\" class=\"gyan-menu-list-item gyan-ease-transition\"><li class=\"menu-item menu-item-type-post_type menu-item-object-page menu-item-405\"><a href=\"https:\/\/snoty.sk\/deutsch\/produkty\/hb-cukor-biely-a-trstinovy\/\">HB cukor biely a trstinov\u00fd<\/a><\/li>\n<li class=\"menu-item menu-item-type-post_type menu-item-object-page menu-item-2231\"><a href=\"https:\/\/snoty.sk\/deutsch\/produkty\/hb-kvetovy-med\/\">HB kvetov\u00fd med<\/a><\/li>\n<li class=\"menu-item menu-item-type-post_type menu-item-object-page menu-item-2230\"><a href=\"https:\/\/snoty.sk\/deutsch\/produkty\/trstinovy-cukor\/\">Trstinov\u00fd cukor<\/a><\/li>\n<li class=\"menu-item menu-item-type-post_type menu-item-object-page menu-item-2229\"><a href=\"https:\/\/snoty.sk\/deutsch\/produkty\/cukriky\/\">Cukr\u00edky<\/a><\/li>\n<li class=\"menu-item menu-item-type-post_type menu-item-object-page menu-item-2228\"><a href=\"https:\/\/snoty.sk\/deutsch\/produkty\/susienky\/\">Su\u0161ienky<\/a><\/li>\n<li class=\"menu-item menu-item-type-post_type menu-item-object-page menu-item-2222\"><a href=\"https:\/\/snoty.sk\/deutsch\/produkty\/cokoladky-2\/\">\u010cokol\u00e1dky<\/a><\/li>\n<li class=\"menu-item menu-item-type-post_type menu-item-object-page menu-item-2227\"><a href=\"https:\/\/snoty.sk\/deutsch\/produkty\/hroznovy-cukor\/\">Hroznov\u00fd cukor\u00a0<\/a><\/li>\n<li class=\"menu-item menu-item-type-post_type menu-item-object-page menu-item-2226\"><a href=\"https:\/\/snoty.sk\/deutsch\/produkty\/mandla-v-cokolade\/\">Mand\u013ea v \u010dokol\u00e1de<\/a><\/li>\n<li class=\"menu-item menu-item-type-post_type menu-item-object-page menu-item-2225\"><a href=\"https:\/\/snoty.sk\/deutsch\/produkty\/kozmeticke-sacky\/\">Kozmetick\u00e9 s\u00e1\u010dky<\/a><\/li>\n<li class=\"menu-item menu-item-type-post_type menu-item-object-page menu-item-2224\"><a href=\"https:\/\/snoty.sk\/deutsch\/produkty\/univerzalne-balenia\/\">Univerz\u00e1lne balenia<\/a><\/li>\n<li class=\"menu-item menu-item-type-post_type menu-item-object-page menu-item-2223\"><a href=\"https:\/\/snoty.sk\/deutsch\/produkty\/zakazkove-balenie\/\">Z\u00e1kazkov\u00e9 balenie<\/a><\/li>\n<\/ul><\/div><\/div>\t\t<\/div>\n\t\t\t\t<\/div>\n\t\t\t\t\t<\/div>\n\t\t<\/div>\n\t\t\t\t\t<\/div>\n\t\t<\/section>\n\t\t\t\t<section class=\"elementor-section elementor-inner-section elementor-element elementor-element-917494f elementor-section-boxed elementor-section-height-default elementor-section-height-default\" data-id=\"917494f\" data-element_type=\"section\">\n\t\t\t\t\t\t<div class=\"elementor-container elementor-column-gap-default\">\n\t\t\t\t\t<div class=\"elementor-column elementor-col-100 elementor-inner-column elementor-element elementor-element-12e24ee9\" data-id=\"12e24ee9\" data-element_type=\"column\" data-settings=\"{&quot;background_background&quot;:&quot;classic&quot;}\">\n\t\t\t<div class=\"elementor-widget-wrap elementor-element-populated\">\n\t\t\t\t\t\t<div class=\"elementor-element elementor-element-64c44f3e gyan-infobox-position-top gyan-infobox-center-no gyan-infobox-align-center gyan-hover-animation-none gyan-animation-box-fade elementor-widget elementor-widget-gyan_info_box\" data-id=\"64c44f3e\" data-element_type=\"widget\" data-widget_type=\"gyan_info_box.default\">\n\t\t\t\t<div class=\"elementor-widget-container\">\n\t\t\t\n\t\t<div class=\"gyan-info-box gyan-animation-box gyan-ease-transition\">\n\n\t\t\t\n\t\t\t\n\t\t\t\t<div class=\"gyan-infobox-icon-holder gyan-ease-transition\">\n\n\t\t\t\t\t\n\t\t\t\t\t\n\t\t\t\t\t\n\t\t\t\t\t\t\t\t\t\t\t<span class=\"gyan-infobox-image\">\n\t\t\t\t\t\t\t<img decoding=\"async\" width=\"53\" height=\"53\" src=\"https:\/\/snoty.sk\/deutsch\/wp-content\/uploads\/2020\/02\/icon-call.png\" class=\"attachment-full size-full wp-image-631\" alt=\"Icon call\" \/>\t\t\t\t\t\t<\/span>\n\t\t\t\t\t\n\t\t\t\t\t\n\t\t\t\t<\/div>\n\n\t\t\t\n\t\t\t<div class=\"gyan-infobox-content-holder\">\n\n\t\t\t\t\n\t\t\t\t\t<h4 class=\"gyan-infobox-title gyan-ease-transition\">\n\t\t\t\t\t\t\t\t\t\t\t\tM\u00e1te ot\u00e1zky? Sme tu pre v\u00e1s\t\t\t\t\t\t\t\t\t\t\t<\/h4>\n\n\t\t\t\t\n\t\t\t\t\n\t\t\t\t\n\t\t\t\t\t<h5 class=\"gyan-infobox-content gyan-ease-transition\">\n\t\t\t\t\t\t+4212 44 88 45 21\t\t\t\t\t<\/h5>\n\n\t\t\t\t\n\t\t\t\t\n\t\t\t\t<div class=\"clear\"><\/div>\n\t\t\t<\/div>\n\t\t<\/div>\n\t\t\t<\/div>\n\t\t\t\t<\/div>\n\t\t\t\t<div class=\"elementor-element elementor-element-2f086a41 elementor-widget elementor-widget-heading\" data-id=\"2f086a41\" data-element_type=\"widget\" data-widget_type=\"heading.default\">\n\t\t\t\t<div class=\"elementor-widget-container\">\n\t\t\t<h2 class=\"elementor-heading-title elementor-size-default\"><a href=\"mailto:obchod@snoty.sk\/deutsch\">obchod@snoty.sk\/deutsch<\/a><\/h2>\t\t<\/div>\n\t\t\t\t<\/div>\n\t\t\t\t\t<\/div>\n\t\t<\/div>\n\t\t\t\t\t<\/div>\n\t\t<\/section>\n\t\t\t\t\t<\/div>\n\t\t<\/div>\n\t\t\t\t\t<\/div>\n\t\t<\/section>\n\t\t\t\t<\/div>\n\t\t","protected":false},"excerpt":{"rendered":"<p>Kvetov\u00fd med &#8211; pr\u00edrodn\u00e9 sladidlo \u010doraz ob\u013e\u00fabenej\u0161ie sladidlo nielen do \u010daju, ale aj do k\u00e1vy pon\u00fakame v praktick\u00fdch baleniach po 8 g, 10 g, 12 g a 20 g. Na\u0161e balenie je nielen funk\u010dn\u00e9, ale aj \u0161t\u00fdlov\u00e9, s mo\u017enos\u0165ou potla\u010de vo farebnosti 1 &#8211; 4 farby, aby dokonale ladilo s [&hellip;]<\/p>\n","protected":false},"author":1,"featured_media":0,"parent":319,"menu_order":0,"comment_status":"closed","ping_status":"closed","template":"elementor_header_footer","meta":{"slim_seo":{"title":"HB kvetov\u00fd med - Snoty","description":"Kvetov\u00fd med - pr\u00edrodn\u00e9 sladidlo \u010doraz ob\u013e\u00fabenej\u0161ie sladidlo nielen do \u010daju, ale aj do k\u00e1vy pon\u00fakame v praktick\u00fdch baleniach po 8 g, 10 g, 12 g a 20 g. Na\u0161e bale"},"footnotes":""},"class_list":["post-2197","page","type-page","status-publish","hentry"],"_links":{"self":[{"href":"https:\/\/snoty.sk\/deutsch\/wp-json\/wp\/v2\/pages\/2197","targetHints":{"allow":["GET"]}}],"collection":[{"href":"https:\/\/snoty.sk\/deutsch\/wp-json\/wp\/v2\/pages"}],"about":[{"href":"https:\/\/snoty.sk\/deutsch\/wp-json\/wp\/v2\/types\/page"}],"author":[{"embeddable":true,"href":"https:\/\/snoty.sk\/deutsch\/wp-json\/wp\/v2\/users\/1"}],"replies":[{"embeddable":true,"href":"https:\/\/snoty.sk\/deutsch\/wp-json\/wp\/v2\/comments?post=2197"}],"version-history":[{"count":43,"href":"https:\/\/snoty.sk\/deutsch\/wp-json\/wp\/v2\/pages\/2197\/revisions"}],"predecessor-version":[{"id":3087,"href":"https:\/\/snoty.sk\/deutsch\/wp-json\/wp\/v2\/pages\/2197\/revisions\/3087"}],"up":[{"embeddable":true,"href":"https:\/\/snoty.sk\/deutsch\/wp-json\/wp\/v2\/pages\/319"}],"wp:attachment":[{"href":"https:\/\/snoty.sk\/deutsch\/wp-json\/wp\/v2\/media?parent=2197"}],"curies":[{"name":"wp","href":"https:\/\/api.w.org\/{rel}","templated":true}]}}