{"id":161,"date":"2020-02-17T14:59:59","date_gmt":"2020-02-17T14:59:59","guid":{"rendered":"http:\/\/bizix.premiumthemes.in\/?page_id=161"},"modified":"2026-04-06T20:34:07","modified_gmt":"2026-04-06T18:34:07","slug":"o-nas","status":"publish","type":"page","link":"https:\/\/snoty.sk\/deutsch\/o-nas\/","title":{"rendered":"Profil firmy"},"content":{"rendered":"\t\t<div data-elementor-type=\"wp-page\" data-elementor-id=\"161\" class=\"elementor elementor-161\">\n\t\t\t\t\t\t<section class=\"elementor-section elementor-top-section elementor-element elementor-element-31e82332 elementor-section-stretched elementor-section-boxed elementor-section-height-default elementor-section-height-default\" data-id=\"31e82332\" data-element_type=\"section\" data-settings=\"{&quot;stretch_section&quot;:&quot;section-stretched&quot;,&quot;background_background&quot;:&quot;classic&quot;}\">\n\t\t\t\t\t\t\t<div class=\"elementor-background-overlay\"><\/div>\n\t\t\t\t\t\t\t<div class=\"elementor-container elementor-column-gap-no\">\n\t\t\t\t\t<div class=\"elementor-column elementor-col-100 elementor-top-column elementor-element elementor-element-798f6e0f\" data-id=\"798f6e0f\" data-element_type=\"column\">\n\t\t\t<div class=\"elementor-widget-wrap elementor-element-populated\">\n\t\t\t\t\t\t<section class=\"elementor-section elementor-inner-section elementor-element elementor-element-1ac58d8e elementor-section-boxed elementor-section-height-default elementor-section-height-default\" data-id=\"1ac58d8e\" data-element_type=\"section\">\n\t\t\t\t\t\t<div class=\"elementor-container elementor-column-gap-no\">\n\t\t\t\t\t<div class=\"elementor-column elementor-col-50 elementor-inner-column elementor-element elementor-element-79e1b852\" data-id=\"79e1b852\" data-element_type=\"column\">\n\t\t\t<div class=\"elementor-widget-wrap elementor-element-populated\">\n\t\t\t\t\t\t<div class=\"elementor-element elementor-element-172b71bb gyan-title-desc-left elementor-widget elementor-widget-gyan_title\" data-id=\"172b71bb\" data-element_type=\"widget\" data-widget_type=\"gyan_title.default\">\n\t\t\t\t<div class=\"elementor-widget-container\">\n\t\t\t\t\t<div class=\"gyan-title\">\r\n\t\t\t<h2 class=\"gyan-title-heading\">Wir sind seit mehr als 30 Jahren f\u00fcr Sie da.<\/h2><div class=\"gyan-title-desc\">In letzter Zeit hat das Unternehmen die M\u00f6glichkeit eingef\u00fchrt, Proben f\u00fcr Kosmetikhersteller zu verpacken. Die Firma SNOTY s.r.o. bietet zudem auch die M\u00f6glichkeit der Auftragsverpackung an. Mit mehr als 30 Jahren Erfahrung im Bereich Verpackung bietet sie ihre Dienstleistungen beim Verpacken Ihrer sch\u00fcttf\u00e4higen, st\u00fcckigen, pulverf\u00f6rmigen und fl\u00fcssigen Produkte an.\n\nSNOTY s.r.o. genie\u00dft einen sehr guten Ruf und das Vertrauen von Hunderten zufriedener Kunden auch in Polen, Ungarn, \u00d6sterreich und Tschechien. Produkte, die in Bratislava hergestellt werden, sind zudem auch in Belgien, den Niederlanden und im Vereinigten K\u00f6nigreich erh\u00e4ltlich. Vereinzelt sind sie auch in Dubai und Kalifornien zu finden. F\u00fcr weitere Informationen kontaktieren Sie uns bitte telefonisch oder per E-Mail.<\/div>\t\t<\/div>\r\n\t\t\t\t<\/div>\n\t\t\t\t<\/div>\n\t\t\t\t<div class=\"elementor-element elementor-element-16a6e950 elementor-widget elementor-widget-button\" data-id=\"16a6e950\" data-element_type=\"widget\" data-widget_type=\"button.default\">\n\t\t\t\t<div class=\"elementor-widget-container\">\n\t\t\t\t\t<div class=\"elementor-button-wrapper\">\n\t\t\t<a class=\"elementor-button elementor-button-link elementor-size-sm\" href=\"https:\/\/snoty.sk\/deutsch\/kontakt\/\">\n\t\t\t\t\t\t<span class=\"elementor-button-content-wrapper\">\n\t\t\t\t\t\t\t\t\t<span class=\"elementor-button-text\">Kontaktieren Sie uns<\/span>\n\t\t\t\t\t<\/span>\n\t\t\t\t\t<\/a>\n\t\t<\/div>\n\t\t\t\t<\/div>\n\t\t\t\t<\/div>\n\t\t\t\t\t<\/div>\n\t\t<\/div>\n\t\t\t\t<div class=\"elementor-column elementor-col-50 elementor-inner-column elementor-element elementor-element-4803081c\" data-id=\"4803081c\" data-element_type=\"column\">\n\t\t\t<div class=\"elementor-widget-wrap elementor-element-populated\">\n\t\t\t\t\t\t<div class=\"elementor-element elementor-element-1ff6e9a7 elementor-widget elementor-widget-image\" data-id=\"1ff6e9a7\" data-element_type=\"widget\" data-widget_type=\"image.default\">\n\t\t\t\t<div class=\"elementor-widget-container\">\n\t\t\t\t\t\t\t\t\t\t\t\t\t<img fetchpriority=\"high\" decoding=\"async\" width=\"2560\" height=\"1702\" src=\"https:\/\/snoty.sk\/deutsch\/wp-content\/uploads\/2026\/02\/Ankara-april-2008-011-scaled.jpg\" class=\"attachment-full size-full wp-image-3016\" alt=\"Ankara april 2008\" srcset=\"https:\/\/snoty.sk\/deutsch\/wp-content\/uploads\/2026\/02\/Ankara-april-2008-011-scaled.jpg 2560w, https:\/\/snoty.sk\/deutsch\/wp-content\/uploads\/2026\/02\/Ankara-april-2008-011-300x199.jpg 300w, https:\/\/snoty.sk\/deutsch\/wp-content\/uploads\/2026\/02\/Ankara-april-2008-011-1024x681.jpg 1024w, https:\/\/snoty.sk\/deutsch\/wp-content\/uploads\/2026\/02\/Ankara-april-2008-011-768x511.jpg 768w, https:\/\/snoty.sk\/deutsch\/wp-content\/uploads\/2026\/02\/Ankara-april-2008-011-1536x1021.jpg 1536w, https:\/\/snoty.sk\/deutsch\/wp-content\/uploads\/2026\/02\/Ankara-april-2008-011-2048x1362.jpg 2048w\" sizes=\"(max-width: 2560px) 100vw, 2560px\" \/>\t\t\t\t\t\t\t\t\t\t\t\t\t<\/div>\n\t\t\t\t<\/div>\n\t\t\t\t\t<\/div>\n\t\t<\/div>\n\t\t\t\t\t<\/div>\n\t\t<\/section>\n\t\t\t\t\t<\/div>\n\t\t<\/div>\n\t\t\t\t\t<\/div>\n\t\t<\/section>\n\t\t\t\t<\/div>\n\t\t","protected":false},"excerpt":{"rendered":"<p>Wir sind seit mehr als 30 Jahren f\u00fcr Sie da. In letzter Zeit hat das Unternehmen die M\u00f6glichkeit eingef\u00fchrt, Proben f\u00fcr Kosmetikhersteller zu verpacken. Die Firma SNOTY s.r.o. bietet zudem auch die M\u00f6glichkeit der Auftragsverpackung an. Mit mehr als 30 Jahren Erfahrung im Bereich Verpackung bietet sie ihre Dienstleistungen beim [&hellip;]<\/p>\n","protected":false},"author":1,"featured_media":0,"parent":0,"menu_order":0,"comment_status":"closed","ping_status":"closed","template":"elementor_header_footer","meta":{"slim_seo":{"title":"Profil firmy - Snoty","description":"Wir sind seit mehr als 30 Jahren f\u00fcr Sie da. In letzter Zeit hat das Unternehmen die M\u00f6glichkeit eingef\u00fchrt, Proben f\u00fcr Kosmetikhersteller zu verpacken. Die Fir"},"footnotes":""},"class_list":["post-161","page","type-page","status-publish","hentry"],"_links":{"self":[{"href":"https:\/\/snoty.sk\/deutsch\/wp-json\/wp\/v2\/pages\/161","targetHints":{"allow":["GET"]}}],"collection":[{"href":"https:\/\/snoty.sk\/deutsch\/wp-json\/wp\/v2\/pages"}],"about":[{"href":"https:\/\/snoty.sk\/deutsch\/wp-json\/wp\/v2\/types\/page"}],"author":[{"embeddable":true,"href":"https:\/\/snoty.sk\/deutsch\/wp-json\/wp\/v2\/users\/1"}],"replies":[{"embeddable":true,"href":"https:\/\/snoty.sk\/deutsch\/wp-json\/wp\/v2\/comments?post=161"}],"version-history":[{"count":83,"href":"https:\/\/snoty.sk\/deutsch\/wp-json\/wp\/v2\/pages\/161\/revisions"}],"predecessor-version":[{"id":3246,"href":"https:\/\/snoty.sk\/deutsch\/wp-json\/wp\/v2\/pages\/161\/revisions\/3246"}],"wp:attachment":[{"href":"https:\/\/snoty.sk\/deutsch\/wp-json\/wp\/v2\/media?parent=161"}],"curies":[{"name":"wp","href":"https:\/\/api.w.org\/{rel}","templated":true}]}}